{"id":995,"date":"2024-12-16T18:41:24","date_gmt":"2024-12-16T18:41:24","guid":{"rendered":"https:\/\/dev.uplevelbrasil.com.br\/justgoagency\/?page_id=995"},"modified":"2025-12-09T12:55:21","modified_gmt":"2025-12-09T12:55:21","slug":"contato","status":"publish","type":"page","link":"https:\/\/justgoagency.au\/es\/contato\/","title":{"rendered":"Cont\u00e1ctanos"},"content":{"rendered":"\t\t<div data-elementor-type=\"wp-page\" data-elementor-id=\"995\" class=\"elementor elementor-995\" data-elementor-post-type=\"page\">\n\t\t\t\t<div class=\"elementor-element elementor-element-b15271e e-flex e-con-boxed e-con e-parent\" data-id=\"b15271e\" data-element_type=\"container\" data-e-type=\"container\" data-settings=\"{&quot;background_background&quot;:&quot;classic&quot;}\">\n\t\t\t\t\t<div class=\"e-con-inner\">\n\t\t<div class=\"elementor-element elementor-element-732fb33 e-con-full e-flex e-con e-child\" data-id=\"732fb33\" data-element_type=\"container\" data-e-type=\"container\">\n\t\t\t\t<div class=\"elementor-element elementor-element-1b01f5c elementor-widget elementor-widget-heading\" data-id=\"1b01f5c\" data-element_type=\"widget\" data-e-type=\"widget\" data-widget_type=\"heading.default\">\n\t\t\t\t\t<h2 class=\"elementor-heading-title elementor-size-default\">Ficou com alguma\nd\u00favida ou quer falar\nconosco?<\/h2>\t\t\t\t<\/div>\n\t\t\t\t<div class=\"elementor-element elementor-element-2f5e137 elementor-widget elementor-widget-text-editor\" data-id=\"2f5e137\" data-element_type=\"widget\" data-e-type=\"widget\" data-widget_type=\"text-editor.default\">\n\t\t\t\t\t\t\t\t\t<p>Mande uma mensagem, em breve um de nossos especialistas entrar\u00e1 em contato!<\/p>\t\t\t\t\t\t\t\t<\/div>\n\t\t\t\t<\/div>\n\t\t<div class=\"elementor-element elementor-element-e6d6ea4 e-con-full e-flex e-con e-child\" data-id=\"e6d6ea4\" data-element_type=\"container\" data-e-type=\"container\">\n\t\t\t\t<div class=\"elementor-element elementor-element-d5643e5 elementor-button-align-stretch elementor-widget elementor-widget-form\" data-id=\"d5643e5\" data-element_type=\"widget\" data-e-type=\"widget\" data-settings=\"{&quot;step_next_label&quot;:&quot;Pr\\u00f3ximo&quot;,&quot;step_previous_label&quot;:&quot;Anterior&quot;,&quot;button_width&quot;:&quot;100&quot;,&quot;step_type&quot;:&quot;number_text&quot;,&quot;step_icon_shape&quot;:&quot;circle&quot;}\" data-widget_type=\"form.default\">\n\t\t\t\t\t\t\t<form class=\"elementor-form\" method=\"post\" name=\"Form Contato\" aria-label=\"Form Contato\">\n\t\t\t<input type=\"hidden\" name=\"post_id\" value=\"995\"\/>\n\t\t\t<input type=\"hidden\" name=\"form_id\" value=\"d5643e5\"\/>\n\t\t\t<input type=\"hidden\" name=\"referer_title\" value=\"\" \/>\n\n\t\t\t\n\t\t\t<div class=\"elementor-form-fields-wrapper elementor-labels-above\">\n\t\t\t\t\t\t\t\t<div class=\"elementor-field-type-text elementor-field-group elementor-column elementor-field-group-nome elementor-col-50 elementor-field-required\">\n\t\t\t\t\t\t\t\t\t\t\t\t<label for=\"form-field-nome\" class=\"elementor-field-label\">\n\t\t\t\t\t\t\t\tNome*\t\t\t\t\t\t\t<\/label>\n\t\t\t\t\t\t\t\t\t\t\t\t\t\t<input size=\"1\" type=\"text\" name=\"form_fields[nome]\" id=\"form-field-nome\" class=\"elementor-field elementor-size-sm  elementor-field-textual\" placeholder=\"Qual o seu nome?\" required=\"required\">\n\t\t\t\t\t\t\t\t\t\t\t<\/div>\n\t\t\t\t\t\t\t\t<div class=\"elementor-field-type-text elementor-field-group elementor-column elementor-field-group-sobrenome elementor-col-50 elementor-field-required\">\n\t\t\t\t\t\t\t\t\t\t\t\t<label for=\"form-field-sobrenome\" class=\"elementor-field-label\">\n\t\t\t\t\t\t\t\tSobrenome*\t\t\t\t\t\t\t<\/label>\n\t\t\t\t\t\t\t\t\t\t\t\t\t\t<input size=\"1\" type=\"text\" name=\"form_fields[sobrenome]\" id=\"form-field-sobrenome\" class=\"elementor-field elementor-size-sm  elementor-field-textual\" placeholder=\"Qual o seu sobrenome?\" required=\"required\">\n\t\t\t\t\t\t\t\t\t\t\t<\/div>\n\t\t\t\t\t\t\t\t<div class=\"elementor-field-type-maskphone_with_ddd elementor-field-group elementor-column elementor-field-group-telefone elementor-col-100 elementor-field-required\">\n\t\t\t\t\t\t\t\t\t\t\t\t<label for=\"form-field-telefone\" class=\"elementor-field-label\">\n\t\t\t\t\t\t\t\tTelefone*\t\t\t\t\t\t\t<\/label>\n\t\t\t\t\t\t<input size=\"1\" type=\"tel\" name=\"form_fields[telefone]\" id=\"form-field-telefone\" class=\"elementor-field elementor-size-sm  elementor-field-textual phone_with_ddd\" required=\"required\" placeholder=\"Telefone*\">\t\t\t\t<\/div>\n\t\t\t\t\t\t\t\t<div class=\"elementor-field-type-email elementor-field-group elementor-column elementor-field-group-email elementor-col-100 elementor-field-required\">\n\t\t\t\t\t\t\t\t\t\t\t\t<label for=\"form-field-email\" class=\"elementor-field-label\">\n\t\t\t\t\t\t\t\tE-mail*\t\t\t\t\t\t\t<\/label>\n\t\t\t\t\t\t\t\t\t\t\t\t\t\t<input size=\"1\" type=\"email\" name=\"form_fields[email]\" id=\"form-field-email\" class=\"elementor-field elementor-size-sm  elementor-field-textual\" placeholder=\"loremipsum@exemplo.com\" required=\"required\">\n\t\t\t\t\t\t\t\t\t\t\t<\/div>\n\t\t\t\t\t\t\t\t<div class=\"elementor-field-type-textarea elementor-field-group elementor-column elementor-field-group-mensagem elementor-col-100\">\n\t\t\t\t\t\t\t\t\t\t\t\t<label for=\"form-field-mensagem\" class=\"elementor-field-label\">\n\t\t\t\t\t\t\t\tMensagem\t\t\t\t\t\t\t<\/label>\n\t\t\t\t\t\t<textarea class=\"elementor-field-textual elementor-field  elementor-size-sm\" name=\"form_fields[mensagem]\" id=\"form-field-mensagem\" rows=\"3\" placeholder=\"Digite aqui...\"><\/textarea>\t\t\t\t<\/div>\n\t\t\t\t\t\t\t\t<div class=\"elementor-field-type-recaptcha elementor-field-group elementor-column elementor-field-group-field_947de10 elementor-col-100\">\n\t\t\t\t\t<div class=\"elementor-field\" id=\"form-field-field_947de10\"><div class=\"elementor-g-recaptcha\" data-sitekey=\"6LeNzSkrAAAAABNPI3cDyf4OjlS1J25J0KNmcKFU\" data-type=\"v2_checkbox\" data-theme=\"light\" data-size=\"normal\"><\/div><\/div>\t\t\t\t<\/div>\n\t\t\t\t\t\t\t\t<div class=\"elementor-field-group elementor-column elementor-field-type-submit elementor-col-100 e-form__buttons\">\n\t\t\t\t\t<button class=\"elementor-button elementor-size-sm\" type=\"submit\">\n\t\t\t\t\t\t<span class=\"elementor-button-content-wrapper\">\n\t\t\t\t\t\t\t\t\t\t\t\t\t\t\t\t\t\t\t\t\t\t<span class=\"elementor-button-text\">Enviar<\/span>\n\t\t\t\t\t\t\t\t\t\t\t\t\t<\/span>\n\t\t\t\t\t<\/button>\n\t\t\t\t<\/div>\n\t\t\t<\/div>\n\t\t<\/form>\n\t\t\t\t\t\t<\/div>\n\t\t\t\t<\/div>\n\t\t\t\t\t<\/div>\n\t\t\t\t<\/div>\n\t\t<div class=\"elementor-element elementor-element-f2dfb69 e-flex e-con-boxed e-con e-parent\" data-id=\"f2dfb69\" data-element_type=\"container\" data-e-type=\"container\">\n\t\t\t\t\t<div class=\"e-con-inner\">\n\t\t<div class=\"elementor-element elementor-element-541e9fb e-con-full e-flex e-con e-child\" data-id=\"541e9fb\" data-element_type=\"container\" data-e-type=\"container\">\n\t\t<div class=\"elementor-element elementor-element-a0e897c e-con-full e-flex e-con e-child\" data-id=\"a0e897c\" data-element_type=\"container\" data-e-type=\"container\">\n\t\t<div class=\"elementor-element elementor-element-ebaa0b5 e-con-full e-flex e-con e-child\" data-id=\"ebaa0b5\" data-element_type=\"container\" data-e-type=\"container\">\n\t\t\t\t<div class=\"elementor-element elementor-element-0bafc82 elementor-widget__width-initial elementor-widget elementor-widget-heading\" data-id=\"0bafc82\" data-element_type=\"widget\" data-e-type=\"widget\" data-widget_type=\"heading.default\">\n\t\t\t\t\t<div class=\"elementor-heading-title elementor-size-default\">WhatsApp Espanhol<\/div>\t\t\t\t<\/div>\n\t\t\t\t<div class=\"elementor-element elementor-element-7bfa48e elementor-view-default elementor-widget elementor-widget-icon\" data-id=\"7bfa48e\" data-element_type=\"widget\" data-e-type=\"widget\" data-widget_type=\"icon.default\">\n\t\t\t\t\t\t\t<div class=\"elementor-icon-wrapper\">\n\t\t\t<div class=\"elementor-icon\">\n\t\t\t<svg xmlns=\"http:\/\/www.w3.org\/2000\/svg\" width=\"18\" height=\"18\" viewBox=\"0 0 18 18\"><path id=\"Icon_corebrands-whatsapp\" data-name=\"Icon corebrands-whatsapp\" d=\"M13.122,10.787c-.226-.114-1.324-.65-1.529-.727s-.354-.111-.5.114-.577.723-.709.87-.261.158-.483.059a6.1,6.1,0,0,1-1.8-1.116A6.7,6.7,0,0,1,6.85,8.435c-.132-.223-.015-.349.1-.46s.226-.258.34-.393a2.034,2.034,0,0,0,.223-.372.416.416,0,0,0-.02-.393c-.056-.111-.5-1.216-.691-1.655s-.366-.381-.5-.381-.278-.012-.428-.012a.847.847,0,0,0-.6.269,2.5,2.5,0,0,0-.785,1.855A4.4,4.4,0,0,0,5.4,9.2a10.017,10.017,0,0,0,3.826,3.363c.536.226.952.361,1.277.472a3.113,3.113,0,0,0,1.412.091,2.33,2.33,0,0,0,1.512-1.069,1.87,1.87,0,0,0,.135-1.069c-.056-.1-.2-.158-.427-.258ZM9.047,16.313H9.035a7.517,7.517,0,0,1-3.794-1.034l-.269-.161-2.812.732.756-2.737-.182-.281A7.439,7.439,0,0,1,14.32,3.656,7.345,7.345,0,0,1,16.5,8.9,7.45,7.45,0,0,1,9.05,16.313ZM15.389,2.587A9.111,9.111,0,0,0,9.035,0,8.919,8.919,0,0,0,1.271,13.38L0,18l4.752-1.239a9.073,9.073,0,0,0,4.283,1.087h0A8.956,8.956,0,0,0,18,8.924a8.839,8.839,0,0,0-2.622-6.308Z\" fill=\"#ff9a22\"><\/path><\/svg>\t\t\t<\/div>\n\t\t<\/div>\n\t\t\t\t\t\t<\/div>\n\t\t\t\t<\/div>\n\t\t\t\t<div class=\"elementor-element elementor-element-f5913e8 elementor-widget elementor-widget-heading\" data-id=\"f5913e8\" data-element_type=\"widget\" data-e-type=\"widget\" data-widget_type=\"heading.default\">\n\t\t\t\t\t<div class=\"elementor-heading-title elementor-size-default\"><a href=\"https:\/\/api.whatsapp.com\/send?phone=61410003082\" target=\"_blank\">+61 41000-3082<\/a><\/div>\t\t\t\t<\/div>\n\t\t\t\t<\/div>\n\t\t<div class=\"elementor-element elementor-element-087a16a e-con-full e-flex e-con e-child\" data-id=\"087a16a\" data-element_type=\"container\" data-e-type=\"container\">\n\t\t<div class=\"elementor-element elementor-element-91e8862 e-con-full e-flex e-con e-child\" data-id=\"91e8862\" data-element_type=\"container\" data-e-type=\"container\">\n\t\t\t\t<div class=\"elementor-element elementor-element-5257e79 elementor-widget__width-initial elementor-widget elementor-widget-heading\" data-id=\"5257e79\" data-element_type=\"widget\" data-e-type=\"widget\" data-widget_type=\"heading.default\">\n\t\t\t\t\t<div class=\"elementor-heading-title elementor-size-default\">WhatsApp Portugu\u00eas<\/div>\t\t\t\t<\/div>\n\t\t\t\t<div class=\"elementor-element elementor-element-cdeb521 elementor-widget-mobile__width-initial elementor-view-default elementor-widget elementor-widget-icon\" data-id=\"cdeb521\" data-element_type=\"widget\" data-e-type=\"widget\" data-widget_type=\"icon.default\">\n\t\t\t\t\t\t\t<div class=\"elementor-icon-wrapper\">\n\t\t\t<div class=\"elementor-icon\">\n\t\t\t<svg xmlns=\"http:\/\/www.w3.org\/2000\/svg\" width=\"18\" height=\"18\" viewBox=\"0 0 18 18\"><path id=\"Icon_corebrands-whatsapp\" data-name=\"Icon corebrands-whatsapp\" d=\"M13.122,10.787c-.226-.114-1.324-.65-1.529-.727s-.354-.111-.5.114-.577.723-.709.87-.261.158-.483.059a6.1,6.1,0,0,1-1.8-1.116A6.7,6.7,0,0,1,6.85,8.435c-.132-.223-.015-.349.1-.46s.226-.258.34-.393a2.034,2.034,0,0,0,.223-.372.416.416,0,0,0-.02-.393c-.056-.111-.5-1.216-.691-1.655s-.366-.381-.5-.381-.278-.012-.428-.012a.847.847,0,0,0-.6.269,2.5,2.5,0,0,0-.785,1.855A4.4,4.4,0,0,0,5.4,9.2a10.017,10.017,0,0,0,3.826,3.363c.536.226.952.361,1.277.472a3.113,3.113,0,0,0,1.412.091,2.33,2.33,0,0,0,1.512-1.069,1.87,1.87,0,0,0,.135-1.069c-.056-.1-.2-.158-.427-.258ZM9.047,16.313H9.035a7.517,7.517,0,0,1-3.794-1.034l-.269-.161-2.812.732.756-2.737-.182-.281A7.439,7.439,0,0,1,14.32,3.656,7.345,7.345,0,0,1,16.5,8.9,7.45,7.45,0,0,1,9.05,16.313ZM15.389,2.587A9.111,9.111,0,0,0,9.035,0,8.919,8.919,0,0,0,1.271,13.38L0,18l4.752-1.239a9.073,9.073,0,0,0,4.283,1.087h0A8.956,8.956,0,0,0,18,8.924a8.839,8.839,0,0,0-2.622-6.308Z\" fill=\"#ff9a22\"><\/path><\/svg>\t\t\t<\/div>\n\t\t<\/div>\n\t\t\t\t\t\t<\/div>\n\t\t\t\t<\/div>\n\t\t\t\t<div class=\"elementor-element elementor-element-85dd603 elementor-widget elementor-widget-heading\" data-id=\"85dd603\" data-element_type=\"widget\" data-e-type=\"widget\" data-widget_type=\"heading.default\">\n\t\t\t\t\t<div class=\"elementor-heading-title elementor-size-default\"><a href=\"https:\/\/api.whatsapp.com\/send?phone=61406556958\" target=\"_blank\">+61 40655-6958<\/a><\/div>\t\t\t\t<\/div>\n\t\t\t\t<\/div>\n\t\t\t\t<\/div>\n\t\t<div class=\"elementor-element elementor-element-74ce6ba e-con-full e-flex e-con e-child\" data-id=\"74ce6ba\" data-element_type=\"container\" data-e-type=\"container\" data-settings=\"{&quot;background_background&quot;:&quot;classic&quot;}\">\n\t\t\t\t<div class=\"elementor-element elementor-element-d2cb444 elementor-widget-mobile__width-initial elementor-view-default elementor-widget elementor-widget-icon\" data-id=\"d2cb444\" data-element_type=\"widget\" data-e-type=\"widget\" data-widget_type=\"icon.default\">\n\t\t\t\t\t\t\t<div class=\"elementor-icon-wrapper\">\n\t\t\t<div class=\"elementor-icon\">\n\t\t\t<svg xmlns=\"http:\/\/www.w3.org\/2000\/svg\" width=\"20.743\" height=\"17.661\" viewBox=\"0 0 20.743 17.661\"><g id=\"Icon_ion-mail-open-outline\" data-name=\"Icon ion-mail-open-outline\" transform=\"translate(-2.625 -5.063)\"><path id=\"Caminho_8155\" data-name=\"Caminho 8155\" d=\"M21.58,9.93,13.5,5.942a1.136,1.136,0,0,0-1.006,0L4.411,9.93a1.85,1.85,0,0,0-1.036,1.655v8.539a1.862,1.862,0,0,0,1.874,1.85H20.744a1.862,1.862,0,0,0,1.874-1.85V11.585A1.85,1.85,0,0,0,21.58,9.93Z\" transform=\"translate(0 0)\" fill=\"none\" stroke=\"#ff9a22\" stroke-linecap=\"round\" stroke-linejoin=\"round\" stroke-width=\"1.5\"><\/path><path id=\"Caminho_8156\" data-name=\"Caminho 8156\" d=\"M19.853,21.64l-5.979-4.65a1.11,1.11,0,0,0-1.363,0L6.532,21.64m9.25-3.376,6.29-4.764m-17.761,0,6.429,4.856\" transform=\"translate(-0.321 -2.627)\" fill=\"none\" stroke=\"#ff9a22\" stroke-linecap=\"round\" stroke-linejoin=\"round\" stroke-width=\"1.5\"><\/path><\/g><\/svg>\t\t\t<\/div>\n\t\t<\/div>\n\t\t\t\t\t\t<\/div>\n\t\t<div class=\"elementor-element elementor-element-8609b27 e-con-full e-flex e-con e-child\" data-id=\"8609b27\" data-element_type=\"container\" data-e-type=\"container\">\n\t\t\t\t<div class=\"elementor-element elementor-element-890fbdb elementor-widget__width-initial elementor-widget elementor-widget-heading\" data-id=\"890fbdb\" data-element_type=\"widget\" data-e-type=\"widget\" data-widget_type=\"heading.default\">\n\t\t\t\t\t<div class=\"elementor-heading-title elementor-size-default\">E-mail<\/div>\t\t\t\t<\/div>\n\t\t\t\t<div class=\"elementor-element elementor-element-6e4ce86 elementor-widget elementor-widget-heading\" data-id=\"6e4ce86\" data-element_type=\"widget\" data-e-type=\"widget\" data-widget_type=\"heading.default\">\n\t\t\t\t\t<div class=\"elementor-heading-title elementor-size-default\"><a href=\"mailto:info@justgoagency.au\" target=\"_blank\">info@justgoagency.au<\/a><\/div>\t\t\t\t<\/div>\n\t\t\t\t<\/div>\n\t\t\t\t<\/div>\n\t\t<div class=\"elementor-element elementor-element-eff72c9 e-con-full e-flex e-con e-child\" data-id=\"eff72c9\" data-element_type=\"container\" data-e-type=\"container\" data-settings=\"{&quot;background_background&quot;:&quot;classic&quot;}\">\n\t\t\t\t<div class=\"elementor-element elementor-element-35287f2 elementor-widget-mobile__width-initial elementor-view-default elementor-widget elementor-widget-icon\" data-id=\"35287f2\" data-element_type=\"widget\" data-e-type=\"widget\" data-widget_type=\"icon.default\">\n\t\t\t\t\t\t\t<div class=\"elementor-icon-wrapper\">\n\t\t\t<div class=\"elementor-icon\">\n\t\t\t<svg xmlns=\"http:\/\/www.w3.org\/2000\/svg\" width=\"13.381\" height=\"18\" viewBox=\"0 0 13.381 18\"><g id=\"Icon_core-location-pin\" data-name=\"Icon core-location-pin\" transform=\"translate(-5.626 -1.237)\"><path id=\"Caminho_8157\" data-name=\"Caminho 8157\" d=\"M16.476,8.971A3.122,3.122,0,1,0,19.6,12.093,3.122,3.122,0,0,0,16.476,8.971Zm0,4.683a1.561,1.561,0,1,1,1.561-1.561,1.561,1.561,0,0,1-1.561,1.561Z\" transform=\"translate(-4.16 -4.163)\" fill=\"#ff9a22\"><\/path><path id=\"Caminho_8158\" data-name=\"Caminho 8158\" d=\"M17.047,3.2A6.691,6.691,0,0,0,6.71,11.579l4.651,7.14a1.139,1.139,0,0,0,1.909,0l4.651-7.14A6.691,6.691,0,0,0,17.047,3.2Zm-.156,7.711-4.575,7.023L7.741,10.907a5.46,5.46,0,1,1,9.149,0Z\" fill=\"#ff9a22\"><\/path><\/g><\/svg>\t\t\t<\/div>\n\t\t<\/div>\n\t\t\t\t\t\t<\/div>\n\t\t<div class=\"elementor-element elementor-element-dfba317 e-con-full e-flex e-con e-child\" data-id=\"dfba317\" data-element_type=\"container\" data-e-type=\"container\">\n\t\t\t\t<div class=\"elementor-element elementor-element-7d2f6db elementor-widget-mobile__width-initial elementor-widget elementor-widget-heading\" data-id=\"7d2f6db\" data-element_type=\"widget\" data-e-type=\"widget\" data-widget_type=\"heading.default\">\n\t\t\t\t\t<div class=\"elementor-heading-title elementor-size-default\">Localiza\u00e7\u00e3o<\/div>\t\t\t\t<\/div>\n\t\t\t\t<div class=\"elementor-element elementor-element-4fb9a00 elementor-widget elementor-widget-heading\" data-id=\"4fb9a00\" data-element_type=\"widget\" data-e-type=\"widget\" data-widget_type=\"heading.default\">\n\t\t\t\t\t<div class=\"elementor-heading-title elementor-size-default\">4\/3078 Surfers Paradise Boulevard, Surfers Paradise, QLD, 4217<\/div>\t\t\t\t<\/div>\n\t\t\t\t<\/div>\n\t\t\t\t<\/div>\n\t\t\t\t\t<\/div>\n\t\t\t\t<\/div>\n\t\t\t\t<\/div>\n\t\t","protected":false},"excerpt":{"rendered":"<p>Ficou com alguma d\u00favida ou quer falar conosco? Mande uma mensagem, em breve um de nossos especialistas entrar\u00e1 em contato! WhatsApp Espanhol +61 41000-3082 WhatsApp Portugu\u00eas +61 40655-6958 E-mail info@justgoagency.au Localiza\u00e7\u00e3o 4\/3078 Surfers Paradise Boulevard, Surfers Paradise, QLD, 4217<\/p>","protected":false},"author":2,"featured_media":0,"parent":0,"menu_order":0,"comment_status":"closed","ping_status":"closed","template":"","meta":{"footnotes":""},"class_list":["post-995","page","type-page","status-publish","hentry"],"_links":{"self":[{"href":"https:\/\/justgoagency.au\/es\/wp-json\/wp\/v2\/pages\/995","targetHints":{"allow":["GET"]}}],"collection":[{"href":"https:\/\/justgoagency.au\/es\/wp-json\/wp\/v2\/pages"}],"about":[{"href":"https:\/\/justgoagency.au\/es\/wp-json\/wp\/v2\/types\/page"}],"author":[{"embeddable":true,"href":"https:\/\/justgoagency.au\/es\/wp-json\/wp\/v2\/users\/2"}],"replies":[{"embeddable":true,"href":"https:\/\/justgoagency.au\/es\/wp-json\/wp\/v2\/comments?post=995"}],"version-history":[{"count":131,"href":"https:\/\/justgoagency.au\/es\/wp-json\/wp\/v2\/pages\/995\/revisions"}],"predecessor-version":[{"id":3917,"href":"https:\/\/justgoagency.au\/es\/wp-json\/wp\/v2\/pages\/995\/revisions\/3917"}],"wp:attachment":[{"href":"https:\/\/justgoagency.au\/es\/wp-json\/wp\/v2\/media?parent=995"}],"curies":[{"name":"wp","href":"https:\/\/api.w.org\/{rel}","templated":true}]}}