{"id":711,"date":"2024-12-16T13:33:03","date_gmt":"2024-12-16T13:33:03","guid":{"rendered":"https:\/\/dev.uplevelbrasil.com.br\/justgoagency\/?page_id=711"},"modified":"2025-06-23T19:32:24","modified_gmt":"2025-06-23T19:32:24","slug":"quem-somos","status":"publish","type":"page","link":"https:\/\/justgoagency.au\/es\/quem-somos\/","title":{"rendered":"Qui\u00e9nes somos"},"content":{"rendered":"\t\t<div data-elementor-type=\"wp-page\" data-elementor-id=\"711\" class=\"elementor elementor-711\" data-elementor-post-type=\"page\">\n\t\t\t\t<div class=\"elementor-element elementor-element-32cace5 e-flex e-con-boxed e-con e-parent\" data-id=\"32cace5\" data-element_type=\"container\" data-e-type=\"container\" data-settings=\"{&quot;background_background&quot;:&quot;classic&quot;}\">\n\t\t\t\t\t<div class=\"e-con-inner\">\n\t\t\t\t<div class=\"elementor-element elementor-element-fc6c7ed elementor-widget__width-initial elementor-widget elementor-widget-heading\" data-id=\"fc6c7ed\" data-element_type=\"widget\" data-e-type=\"widget\" data-widget_type=\"heading.default\">\n\t\t\t\t\t<h1 class=\"elementor-heading-title elementor-size-default\">Voc\u00ea acaba de encontrar a sua ag\u00eancia especialista em interc\u00e2mbios estudantis!<\/h1>\t\t\t\t<\/div>\n\t\t\t\t\t<\/div>\n\t\t\t\t<\/div>\n\t\t<div class=\"elementor-element elementor-element-59e3823 e-flex e-con-boxed e-con e-parent\" data-id=\"59e3823\" data-element_type=\"container\" data-e-type=\"container\" data-settings=\"{&quot;background_background&quot;:&quot;classic&quot;}\">\n\t\t\t\t\t<div class=\"e-con-inner\">\n\t\t<div class=\"elementor-element elementor-element-c5eb523 e-con-full e-flex e-con e-child\" data-id=\"c5eb523\" data-element_type=\"container\" data-e-type=\"container\">\n\t\t\t\t<div class=\"elementor-element elementor-element-a92dfbe elementor-widget elementor-widget-text-editor\" data-id=\"a92dfbe\" data-element_type=\"widget\" data-e-type=\"widget\" data-widget_type=\"text-editor.default\">\n\t\t\t\t\t\t\t\t\t<p>N\u00f3s te ajudamos a<br \/><strong>realizar sonhos<\/strong><\/p>\t\t\t\t\t\t\t\t<\/div>\n\t\t\t\t<div class=\"elementor-element elementor-element-1ee1e48 elementor-widget elementor-widget-text-editor\" data-id=\"1ee1e48\" data-element_type=\"widget\" data-e-type=\"widget\" data-widget_type=\"text-editor.default\">\n\t\t\t\t\t\t\t\t\t<p>Prazer, voc\u00ea acaba de encontrar uma ag\u00eancia completa e premiada!<\/p><p>Estamos dedicados 100% ao planejamento de interc\u00e2mbios educacionais, oferecendo suporte completo para que sua experi\u00eancia de estudo no exterior seja a melhor poss\u00edvel! Com mais de 500 vistos aprovados e 100% de avalia\u00e7\u00f5es 5 estrelas, somos refer\u00eancia no mercado e comprometidos em garantir que voc\u00ea nunca esteja sozinho nessa jornada.<\/p><p>Nossa equipe \u00e9 composta por especialistas certificados pelo QEAC e premiados pelo Australian Business Review Board, sempre prontos para oferecer orienta\u00e7\u00e3o personalizada, promo\u00e7\u00f5es exclusivas e todo o suporte necess\u00e1rio durante a sua experi\u00eancia.<\/p>\t\t\t\t\t\t\t\t<\/div>\n\t\t<div class=\"elementor-element elementor-element-04a892e e-con-full e-flex e-con e-child\" data-id=\"04a892e\" data-element_type=\"container\" data-e-type=\"container\">\n\t\t\t\t<div class=\"elementor-element elementor-element-09db13d elementor-widget elementor-widget-image\" data-id=\"09db13d\" data-element_type=\"widget\" data-e-type=\"widget\" data-widget_type=\"image.default\">\n\t\t\t\t\t\t\t\t\t\t\t\t\t\t\t<img decoding=\"async\" width=\"58\" height=\"81\" src=\"https:\/\/justgoagency.au\/wp-content\/uploads\/2024\/12\/QEAC-Badge.png\" class=\"attachment-large size-large wp-image-1615\" alt=\"\" \/>\t\t\t\t\t\t\t\t\t\t\t\t\t\t\t<\/div>\n\t\t\t\t<div class=\"elementor-element elementor-element-83219f0 elementor-widget elementor-widget-image\" data-id=\"83219f0\" data-element_type=\"widget\" data-e-type=\"widget\" data-widget_type=\"image.default\">\n\t\t\t\t\t\t\t\t\t\t\t\t\t\t\t<img decoding=\"async\" width=\"80\" height=\"81\" src=\"https:\/\/justgoagency.au\/wp-content\/uploads\/2024\/12\/AUS-1-1.png\" class=\"attachment-large size-large wp-image-1614\" alt=\"\" \/>\t\t\t\t\t\t\t\t\t\t\t\t\t\t\t<\/div>\n\t\t\t\t<\/div>\n\t\t\t\t<div class=\"elementor-element elementor-element-e69bfc5 elementor-widget elementor-widget-heading\" data-id=\"e69bfc5\" data-element_type=\"widget\" data-e-type=\"widget\" data-widget_type=\"heading.default\">\n\t\t\t\t\t<h2 class=\"elementor-heading-title elementor-size-default\">Sem mais delongas, nos deixe cuidar de cada detalhe e embarque\nem uma aventura inesquec\u00edvel!<\/h2>\t\t\t\t<\/div>\n\t\t\t\t<\/div>\n\t\t<div class=\"elementor-element elementor-element-b8f0345 e-con-full e-flex e-con e-child\" data-id=\"b8f0345\" data-element_type=\"container\" data-e-type=\"container\">\n\t\t\t\t<div class=\"elementor-element elementor-element-4b3e8fa elementor-hidden-desktop elementor-widget elementor-widget-image\" data-id=\"4b3e8fa\" data-element_type=\"widget\" data-e-type=\"widget\" data-widget_type=\"image.default\">\n\t\t\t\t\t\t\t\t\t\t\t\t\t\t\t<img fetchpriority=\"high\" decoding=\"async\" width=\"520\" height=\"651\" src=\"https:\/\/justgoagency.au\/wp-content\/uploads\/2024\/12\/sobre.avif\" class=\"attachment-large size-large wp-image-1619\" alt=\"\" srcset=\"https:\/\/justgoagency.au\/wp-content\/uploads\/2024\/12\/sobre.avif 520w, https:\/\/justgoagency.au\/wp-content\/uploads\/2024\/12\/sobre-240x300.avif 240w\" sizes=\"(max-width: 520px) 100vw, 520px\" \/>\t\t\t\t\t\t\t\t\t\t\t\t\t\t\t<\/div>\n\t\t\t\t<\/div>\n\t\t\t\t\t<\/div>\n\t\t\t\t<\/div>\n\t\t<div class=\"elementor-element elementor-element-e13f9a4 e-flex e-con-boxed e-con e-parent\" data-id=\"e13f9a4\" data-element_type=\"container\" data-e-type=\"container\">\n\t\t\t\t\t<div class=\"e-con-inner\">\n\t\t\t\t<div class=\"elementor-element elementor-element-48f67bd elementor-widget elementor-widget-heading\" data-id=\"48f67bd\" data-element_type=\"widget\" data-e-type=\"widget\" data-widget_type=\"heading.default\">\n\t\t\t\t\t<h2 class=\"elementor-heading-title elementor-size-default\">Conhe\u00e7a nossa equipe!<\/h2>\t\t\t\t<\/div>\n\t\t\t\t<div class=\"elementor-element elementor-element-5cbfdbb elementor-widget elementor-widget-jet-listing-grid\" data-id=\"5cbfdbb\" data-element_type=\"widget\" data-e-type=\"widget\" data-settings=\"{&quot;columns&quot;:&quot;4&quot;,&quot;columns_tablet&quot;:&quot;2&quot;,&quot;columns_mobile&quot;:&quot;1&quot;}\" data-widget_type=\"jet-listing-grid.default\">\n\t\t\t\t\t<div class=\"jet-listing-grid jet-listing\"><div class=\"jet-listing-grid__items grid-col-desk-4 grid-col-tablet-2 grid-col-mobile-1 jet-listing-grid--1657\" data-queried-id=\"711|WP_Post\" data-nav=\"{&quot;enabled&quot;:false,&quot;type&quot;:null,&quot;more_el&quot;:null,&quot;query&quot;:[],&quot;widget_settings&quot;:{&quot;lisitng_id&quot;:1657,&quot;posts_num&quot;:50,&quot;columns&quot;:4,&quot;columns_tablet&quot;:2,&quot;columns_mobile&quot;:1,&quot;column_min_width&quot;:240,&quot;column_min_width_tablet&quot;:240,&quot;column_min_width_mobile&quot;:240,&quot;inline_columns_css&quot;:false,&quot;is_archive_template&quot;:&quot;&quot;,&quot;post_status&quot;:[&quot;publish&quot;],&quot;use_random_posts_num&quot;:&quot;&quot;,&quot;max_posts_num&quot;:9,&quot;not_found_message&quot;:&quot;No data was found&quot;,&quot;is_masonry&quot;:false,&quot;equal_columns_height&quot;:&quot;&quot;,&quot;use_load_more&quot;:&quot;&quot;,&quot;load_more_id&quot;:&quot;&quot;,&quot;load_more_type&quot;:&quot;click&quot;,&quot;load_more_offset&quot;:{&quot;unit&quot;:&quot;px&quot;,&quot;size&quot;:0,&quot;sizes&quot;:[]},&quot;use_custom_post_types&quot;:&quot;&quot;,&quot;custom_post_types&quot;:[],&quot;hide_widget_if&quot;:&quot;&quot;,&quot;carousel_enabled&quot;:&quot;&quot;,&quot;slides_to_scroll&quot;:&quot;1&quot;,&quot;arrows&quot;:&quot;true&quot;,&quot;arrow_icon&quot;:&quot;fa fa-angle-left&quot;,&quot;dots&quot;:&quot;&quot;,&quot;autoplay&quot;:&quot;true&quot;,&quot;pause_on_hover&quot;:&quot;true&quot;,&quot;autoplay_speed&quot;:5000,&quot;infinite&quot;:&quot;true&quot;,&quot;center_mode&quot;:&quot;&quot;,&quot;effect&quot;:&quot;slide&quot;,&quot;speed&quot;:500,&quot;inject_alternative_items&quot;:&quot;&quot;,&quot;injection_items&quot;:[],&quot;scroll_slider_enabled&quot;:&quot;&quot;,&quot;scroll_slider_on&quot;:[&quot;desktop&quot;,&quot;tablet&quot;,&quot;mobile&quot;],&quot;custom_query&quot;:false,&quot;custom_query_id&quot;:&quot;&quot;,&quot;_element_id&quot;:&quot;&quot;,&quot;collapse_first_last_gap&quot;:false,&quot;list_tag_selection&quot;:&quot;&quot;,&quot;list_items_wrapper_tag&quot;:&quot;div&quot;,&quot;list_item_tag&quot;:&quot;div&quot;,&quot;empty_items_wrapper_tag&quot;:&quot;div&quot;}}\" data-page=\"1\" data-pages=\"1\" data-listing-source=\"posts\" data-listing-id=\"1657\" data-query-id=\"\"><div class=\"jet-listing-grid__item jet-listing-dynamic-post-1652\" data-post-id=\"1652\"  ><style type=\"text\/css\">.jet-listing-dynamic-post-1652 .elementor-element.elementor-element-f78ae63:not(.elementor-motion-effects-element-type-background), .jet-listing-dynamic-post-1652 .elementor-element.elementor-element-f78ae63 > .elementor-motion-effects-container > .elementor-motion-effects-layer{background-image:url(\"https:\/\/justgoagency.au\/wp-content\/uploads\/2024\/12\/rodrigo-1.avif\");}<\/style>\t\t<div data-elementor-type=\"jet-listing-items\" data-elementor-id=\"1657\" class=\"elementor elementor-1657\" data-elementor-post-type=\"jet-engine\">\n\t\t\t\t<div class=\"elementor-element elementor-element-f78ae63 e-con-full e-flex e-con e-child\" data-id=\"f78ae63\" data-element_type=\"container\" data-e-type=\"container\" data-settings=\"{&quot;background_background&quot;:&quot;classic&quot;}\">\n\t\t<div class=\"elementor-element elementor-element-b73531c e-con-full e-flex e-con e-child\" data-id=\"b73531c\" data-element_type=\"container\" data-e-type=\"container\" data-settings=\"{&quot;background_background&quot;:&quot;classic&quot;}\">\n\t\t\t\t<div class=\"elementor-element elementor-element-08d5be9 elementor-widget elementor-widget-heading\" data-id=\"08d5be9\" data-element_type=\"widget\" data-e-type=\"widget\" data-widget_type=\"heading.default\">\n\t\t\t\t\t<div class=\"elementor-heading-title elementor-size-default\">Rodrigo Hernandes<\/div>\t\t\t\t<\/div>\n\t\t\t\t<div class=\"elementor-element elementor-element-10338b5 elementor-widget elementor-widget-heading\" data-id=\"10338b5\" data-element_type=\"widget\" data-e-type=\"widget\" data-widget_type=\"heading.default\">\n\t\t\t\t\t<div class=\"elementor-heading-title elementor-size-default\">CEO e Co-Fundador<\/div>\t\t\t\t<\/div>\n\t\t\t\t<\/div>\n\t\t\t\t<\/div>\n\t\t\t\t<\/div>\n\t\t<\/div><div class=\"jet-listing-grid__item jet-listing-dynamic-post-1654\" data-post-id=\"1654\"  ><style type=\"text\/css\">.jet-listing-dynamic-post-1654 .elementor-element.elementor-element-f78ae63:not(.elementor-motion-effects-element-type-background), .jet-listing-dynamic-post-1654 .elementor-element.elementor-element-f78ae63 > .elementor-motion-effects-container > .elementor-motion-effects-layer{background-image:url(\"https:\/\/justgoagency.au\/wp-content\/uploads\/2024\/12\/marisol-1.avif\");}<\/style>\t\t<div data-elementor-type=\"jet-listing-items\" data-elementor-id=\"1657\" class=\"elementor elementor-1657\" data-elementor-post-type=\"jet-engine\">\n\t\t\t\t<div class=\"elementor-element elementor-element-f78ae63 e-con-full e-flex e-con e-child\" data-id=\"f78ae63\" data-element_type=\"container\" data-e-type=\"container\" data-settings=\"{&quot;background_background&quot;:&quot;classic&quot;}\">\n\t\t<div class=\"elementor-element elementor-element-b73531c e-con-full e-flex e-con e-child\" data-id=\"b73531c\" data-element_type=\"container\" data-e-type=\"container\" data-settings=\"{&quot;background_background&quot;:&quot;classic&quot;}\">\n\t\t\t\t<div class=\"elementor-element elementor-element-08d5be9 elementor-widget elementor-widget-heading\" data-id=\"08d5be9\" data-element_type=\"widget\" data-e-type=\"widget\" data-widget_type=\"heading.default\">\n\t\t\t\t\t<div class=\"elementor-heading-title elementor-size-default\">Marisol Oyola<\/div>\t\t\t\t<\/div>\n\t\t\t\t<div class=\"elementor-element elementor-element-10338b5 elementor-widget elementor-widget-heading\" data-id=\"10338b5\" data-element_type=\"widget\" data-e-type=\"widget\" data-widget_type=\"heading.default\">\n\t\t\t\t\t<div class=\"elementor-heading-title elementor-size-default\">Diretora e Fundadora<\/div>\t\t\t\t<\/div>\n\t\t\t\t<\/div>\n\t\t\t\t<\/div>\n\t\t\t\t<\/div>\n\t\t<\/div><div class=\"jet-listing-grid__item jet-listing-dynamic-post-3245\" data-post-id=\"3245\"  ><style type=\"text\/css\">.jet-listing-dynamic-post-3245 .elementor-element.elementor-element-f78ae63:not(.elementor-motion-effects-element-type-background), .jet-listing-dynamic-post-3245 .elementor-element.elementor-element-f78ae63 > .elementor-motion-effects-container > .elementor-motion-effects-layer{background-image:url(\"https:\/\/justgoagency.au\/wp-content\/uploads\/2025\/04\/Alex-Ceferino-Educational-Advisor-LATAM.png\");}<\/style>\t\t<div data-elementor-type=\"jet-listing-items\" data-elementor-id=\"1657\" class=\"elementor elementor-1657\" data-elementor-post-type=\"jet-engine\">\n\t\t\t\t<div class=\"elementor-element elementor-element-f78ae63 e-con-full e-flex e-con e-child\" data-id=\"f78ae63\" data-element_type=\"container\" data-e-type=\"container\" data-settings=\"{&quot;background_background&quot;:&quot;classic&quot;}\">\n\t\t<div class=\"elementor-element elementor-element-b73531c e-con-full e-flex e-con e-child\" data-id=\"b73531c\" data-element_type=\"container\" data-e-type=\"container\" data-settings=\"{&quot;background_background&quot;:&quot;classic&quot;}\">\n\t\t\t\t<div class=\"elementor-element elementor-element-08d5be9 elementor-widget elementor-widget-heading\" data-id=\"08d5be9\" data-element_type=\"widget\" data-e-type=\"widget\" data-widget_type=\"heading.default\">\n\t\t\t\t\t<div class=\"elementor-heading-title elementor-size-default\">Alex Ceferino<\/div>\t\t\t\t<\/div>\n\t\t\t\t<div class=\"elementor-element elementor-element-10338b5 elementor-widget elementor-widget-heading\" data-id=\"10338b5\" data-element_type=\"widget\" data-e-type=\"widget\" data-widget_type=\"heading.default\">\n\t\t\t\t\t<div class=\"elementor-heading-title elementor-size-default\">Consultor Educacional LATAM<\/div>\t\t\t\t<\/div>\n\t\t\t\t<\/div>\n\t\t\t\t<\/div>\n\t\t\t\t<\/div>\n\t\t<\/div><div class=\"jet-listing-grid__item jet-listing-dynamic-post-1651\" data-post-id=\"1651\"  ><style type=\"text\/css\">.jet-listing-dynamic-post-1651 .elementor-element.elementor-element-f78ae63:not(.elementor-motion-effects-element-type-background), .jet-listing-dynamic-post-1651 .elementor-element.elementor-element-f78ae63 > .elementor-motion-effects-container > .elementor-motion-effects-layer{background-image:url(\"https:\/\/justgoagency.au\/wp-content\/uploads\/2024\/12\/giulia.avif\");}<\/style>\t\t<div data-elementor-type=\"jet-listing-items\" data-elementor-id=\"1657\" class=\"elementor elementor-1657\" data-elementor-post-type=\"jet-engine\">\n\t\t\t\t<div class=\"elementor-element elementor-element-f78ae63 e-con-full e-flex e-con e-child\" data-id=\"f78ae63\" data-element_type=\"container\" data-e-type=\"container\" data-settings=\"{&quot;background_background&quot;:&quot;classic&quot;}\">\n\t\t<div class=\"elementor-element elementor-element-b73531c e-con-full e-flex e-con e-child\" data-id=\"b73531c\" data-element_type=\"container\" data-e-type=\"container\" data-settings=\"{&quot;background_background&quot;:&quot;classic&quot;}\">\n\t\t\t\t<div class=\"elementor-element elementor-element-08d5be9 elementor-widget elementor-widget-heading\" data-id=\"08d5be9\" data-element_type=\"widget\" data-e-type=\"widget\" data-widget_type=\"heading.default\">\n\t\t\t\t\t<div class=\"elementor-heading-title elementor-size-default\">Giulia Guzman<\/div>\t\t\t\t<\/div>\n\t\t\t\t<div class=\"elementor-element elementor-element-10338b5 elementor-widget elementor-widget-heading\" data-id=\"10338b5\" data-element_type=\"widget\" data-e-type=\"widget\" data-widget_type=\"heading.default\">\n\t\t\t\t\t<div class=\"elementor-heading-title elementor-size-default\">Administrativo e Suporte ao Cliente<\/div>\t\t\t\t<\/div>\n\t\t\t\t<\/div>\n\t\t\t\t<\/div>\n\t\t\t\t<\/div>\n\t\t<\/div><div class=\"jet-listing-grid__item jet-listing-dynamic-post-1648\" data-post-id=\"1648\"  ><style type=\"text\/css\">.jet-listing-dynamic-post-1648 .elementor-element.elementor-element-f78ae63:not(.elementor-motion-effects-element-type-background), .jet-listing-dynamic-post-1648 .elementor-element.elementor-element-f78ae63 > .elementor-motion-effects-container > .elementor-motion-effects-layer{background-image:url(\"https:\/\/justgoagency.au\/wp-content\/uploads\/2024\/12\/Katherine.avif\");}<\/style>\t\t<div data-elementor-type=\"jet-listing-items\" data-elementor-id=\"1657\" class=\"elementor elementor-1657\" data-elementor-post-type=\"jet-engine\">\n\t\t\t\t<div class=\"elementor-element elementor-element-f78ae63 e-con-full e-flex e-con e-child\" data-id=\"f78ae63\" data-element_type=\"container\" data-e-type=\"container\" data-settings=\"{&quot;background_background&quot;:&quot;classic&quot;}\">\n\t\t<div class=\"elementor-element elementor-element-b73531c e-con-full e-flex e-con e-child\" data-id=\"b73531c\" data-element_type=\"container\" data-e-type=\"container\" data-settings=\"{&quot;background_background&quot;:&quot;classic&quot;}\">\n\t\t\t\t<div class=\"elementor-element elementor-element-08d5be9 elementor-widget elementor-widget-heading\" data-id=\"08d5be9\" data-element_type=\"widget\" data-e-type=\"widget\" data-widget_type=\"heading.default\">\n\t\t\t\t\t<div class=\"elementor-heading-title elementor-size-default\">Katherine Ochoa<\/div>\t\t\t\t<\/div>\n\t\t\t\t<div class=\"elementor-element elementor-element-10338b5 elementor-widget elementor-widget-heading\" data-id=\"10338b5\" data-element_type=\"widget\" data-e-type=\"widget\" data-widget_type=\"heading.default\">\n\t\t\t\t\t<div class=\"elementor-heading-title elementor-size-default\">Marketing LATAM<\/div>\t\t\t\t<\/div>\n\t\t\t\t<\/div>\n\t\t\t\t<\/div>\n\t\t\t\t<\/div>\n\t\t<\/div><div class=\"jet-listing-grid__item jet-listing-dynamic-post-1635\" data-post-id=\"1635\"  ><style type=\"text\/css\">.jet-listing-dynamic-post-1635 .elementor-element.elementor-element-f78ae63:not(.elementor-motion-effects-element-type-background), .jet-listing-dynamic-post-1635 .elementor-element.elementor-element-f78ae63 > .elementor-motion-effects-container > .elementor-motion-effects-layer{background-image:url(\"https:\/\/justgoagency.au\/wp-content\/uploads\/2024\/12\/lorena.avif\");}<\/style>\t\t<div data-elementor-type=\"jet-listing-items\" data-elementor-id=\"1657\" class=\"elementor elementor-1657\" data-elementor-post-type=\"jet-engine\">\n\t\t\t\t<div class=\"elementor-element elementor-element-f78ae63 e-con-full e-flex e-con e-child\" data-id=\"f78ae63\" data-element_type=\"container\" data-e-type=\"container\" data-settings=\"{&quot;background_background&quot;:&quot;classic&quot;}\">\n\t\t<div class=\"elementor-element elementor-element-b73531c e-con-full e-flex e-con e-child\" data-id=\"b73531c\" data-element_type=\"container\" data-e-type=\"container\" data-settings=\"{&quot;background_background&quot;:&quot;classic&quot;}\">\n\t\t\t\t<div class=\"elementor-element elementor-element-08d5be9 elementor-widget elementor-widget-heading\" data-id=\"08d5be9\" data-element_type=\"widget\" data-e-type=\"widget\" data-widget_type=\"heading.default\">\n\t\t\t\t\t<div class=\"elementor-heading-title elementor-size-default\">Lorena Bravo<\/div>\t\t\t\t<\/div>\n\t\t\t\t<div class=\"elementor-element elementor-element-10338b5 elementor-widget elementor-widget-heading\" data-id=\"10338b5\" data-element_type=\"widget\" data-e-type=\"widget\" data-widget_type=\"heading.default\">\n\t\t\t\t\t<div class=\"elementor-heading-title elementor-size-default\">Consultora Educacional LATAM<\/div>\t\t\t\t<\/div>\n\t\t\t\t<\/div>\n\t\t\t\t<\/div>\n\t\t\t\t<\/div>\n\t\t<\/div><div class=\"jet-listing-grid__item jet-listing-dynamic-post-3410\" data-post-id=\"3410\"  ><style type=\"text\/css\">.jet-listing-dynamic-post-3410 .elementor-element.elementor-element-f78ae63:not(.elementor-motion-effects-element-type-background), .jet-listing-dynamic-post-3410 .elementor-element.elementor-element-f78ae63 > .elementor-motion-effects-container > .elementor-motion-effects-layer{background-image:url(\"https:\/\/justgoagency.au\/wp-content\/uploads\/2025\/09\/Rocio-Valdes-e1757452064311.jpeg\");}<\/style>\t\t<div data-elementor-type=\"jet-listing-items\" data-elementor-id=\"1657\" class=\"elementor elementor-1657\" data-elementor-post-type=\"jet-engine\">\n\t\t\t\t<div class=\"elementor-element elementor-element-f78ae63 e-con-full e-flex e-con e-child\" data-id=\"f78ae63\" data-element_type=\"container\" data-e-type=\"container\" data-settings=\"{&quot;background_background&quot;:&quot;classic&quot;}\">\n\t\t<div class=\"elementor-element elementor-element-b73531c e-con-full e-flex e-con e-child\" data-id=\"b73531c\" data-element_type=\"container\" data-e-type=\"container\" data-settings=\"{&quot;background_background&quot;:&quot;classic&quot;}\">\n\t\t\t\t<div class=\"elementor-element elementor-element-08d5be9 elementor-widget elementor-widget-heading\" data-id=\"08d5be9\" data-element_type=\"widget\" data-e-type=\"widget\" data-widget_type=\"heading.default\">\n\t\t\t\t\t<div class=\"elementor-heading-title elementor-size-default\">Rocio Vald\u00e9s<\/div>\t\t\t\t<\/div>\n\t\t\t\t<div class=\"elementor-element elementor-element-10338b5 elementor-widget elementor-widget-heading\" data-id=\"10338b5\" data-element_type=\"widget\" data-e-type=\"widget\" data-widget_type=\"heading.default\">\n\t\t\t\t\t<div class=\"elementor-heading-title elementor-size-default\">Consultora Educacional LATAM<\/div>\t\t\t\t<\/div>\n\t\t\t\t<\/div>\n\t\t\t\t<\/div>\n\t\t\t\t<\/div>\n\t\t<\/div><div class=\"jet-listing-grid__item jet-listing-dynamic-post-4016\" data-post-id=\"4016\"  ><style type=\"text\/css\">.jet-listing-dynamic-post-4016 .elementor-element.elementor-element-f78ae63:not(.elementor-motion-effects-element-type-background), .jet-listing-dynamic-post-4016 .elementor-element.elementor-element-f78ae63 > .elementor-motion-effects-container > .elementor-motion-effects-layer{background-image:url(\"https:\/\/justgoagency.au\/wp-content\/uploads\/2026\/03\/01kkw6jsz7y9y6y8vh0sncq308.jpeg\");}<\/style>\t\t<div data-elementor-type=\"jet-listing-items\" data-elementor-id=\"1657\" class=\"elementor elementor-1657\" data-elementor-post-type=\"jet-engine\">\n\t\t\t\t<div class=\"elementor-element elementor-element-f78ae63 e-con-full e-flex e-con e-child\" data-id=\"f78ae63\" data-element_type=\"container\" data-e-type=\"container\" data-settings=\"{&quot;background_background&quot;:&quot;classic&quot;}\">\n\t\t<div class=\"elementor-element elementor-element-b73531c e-con-full e-flex e-con e-child\" data-id=\"b73531c\" data-element_type=\"container\" data-e-type=\"container\" data-settings=\"{&quot;background_background&quot;:&quot;classic&quot;}\">\n\t\t\t\t<div class=\"elementor-element elementor-element-08d5be9 elementor-widget elementor-widget-heading\" data-id=\"08d5be9\" data-element_type=\"widget\" data-e-type=\"widget\" data-widget_type=\"heading.default\">\n\t\t\t\t\t<div class=\"elementor-heading-title elementor-size-default\">Jo\u00e3o Silva<\/div>\t\t\t\t<\/div>\n\t\t\t\t<div class=\"elementor-element elementor-element-10338b5 elementor-widget elementor-widget-heading\" data-id=\"10338b5\" data-element_type=\"widget\" data-e-type=\"widget\" data-widget_type=\"heading.default\">\n\t\t\t\t\t<div class=\"elementor-heading-title elementor-size-default\">Consultor Educacional Brasil<\/div>\t\t\t\t<\/div>\n\t\t\t\t<\/div>\n\t\t\t\t<\/div>\n\t\t\t\t<\/div>\n\t\t<\/div><div class=\"jet-listing-grid__item jet-listing-dynamic-post-4018\" data-post-id=\"4018\"  ><style type=\"text\/css\">.jet-listing-dynamic-post-4018 .elementor-element.elementor-element-f78ae63:not(.elementor-motion-effects-element-type-background), .jet-listing-dynamic-post-4018 .elementor-element.elementor-element-f78ae63 > .elementor-motion-effects-container > .elementor-motion-effects-layer{background-image:url(\"https:\/\/justgoagency.au\/wp-content\/uploads\/2026\/03\/01kkwcpqnsps5bcfmf18xvjm41.jpeg\");}<\/style>\t\t<div data-elementor-type=\"jet-listing-items\" data-elementor-id=\"1657\" class=\"elementor elementor-1657\" data-elementor-post-type=\"jet-engine\">\n\t\t\t\t<div class=\"elementor-element elementor-element-f78ae63 e-con-full e-flex e-con e-child\" data-id=\"f78ae63\" data-element_type=\"container\" data-e-type=\"container\" data-settings=\"{&quot;background_background&quot;:&quot;classic&quot;}\">\n\t\t<div class=\"elementor-element elementor-element-b73531c e-con-full e-flex e-con e-child\" data-id=\"b73531c\" data-element_type=\"container\" data-e-type=\"container\" data-settings=\"{&quot;background_background&quot;:&quot;classic&quot;}\">\n\t\t\t\t<div class=\"elementor-element elementor-element-08d5be9 elementor-widget elementor-widget-heading\" data-id=\"08d5be9\" data-element_type=\"widget\" data-e-type=\"widget\" data-widget_type=\"heading.default\">\n\t\t\t\t\t<div class=\"elementor-heading-title elementor-size-default\">Mariana Canizales<\/div>\t\t\t\t<\/div>\n\t\t\t\t<div class=\"elementor-element elementor-element-10338b5 elementor-widget elementor-widget-heading\" data-id=\"10338b5\" data-element_type=\"widget\" data-e-type=\"widget\" data-widget_type=\"heading.default\">\n\t\t\t\t\t<div class=\"elementor-heading-title elementor-size-default\">Consultora Educacional LATAM<\/div>\t\t\t\t<\/div>\n\t\t\t\t<\/div>\n\t\t\t\t<\/div>\n\t\t\t\t<\/div>\n\t\t<\/div><\/div><\/div>\t\t\t\t<\/div>\n\t\t\t\t\t<\/div>\n\t\t\t\t<\/div>\n\t\t\t\t<\/div>\n\t\t","protected":false},"excerpt":{"rendered":"<p>Voc\u00ea acaba de encontrar a sua ag\u00eancia especialista em interc\u00e2mbios estudantis! N\u00f3s te ajudamos arealizar sonhos Prazer, voc\u00ea acaba de encontrar uma ag\u00eancia completa e premiada! Estamos dedicados 100% ao planejamento de interc\u00e2mbios educacionais, oferecendo suporte completo para que sua experi\u00eancia de estudo no exterior seja a melhor poss\u00edvel! Com mais de 500 vistos aprovados [&hellip;]<\/p>\n","protected":false},"author":2,"featured_media":0,"parent":0,"menu_order":0,"comment_status":"closed","ping_status":"closed","template":"","meta":{"footnotes":""},"class_list":["post-711","page","type-page","status-publish","hentry"],"_links":{"self":[{"href":"https:\/\/justgoagency.au\/es\/wp-json\/wp\/v2\/pages\/711","targetHints":{"allow":["GET"]}}],"collection":[{"href":"https:\/\/justgoagency.au\/es\/wp-json\/wp\/v2\/pages"}],"about":[{"href":"https:\/\/justgoagency.au\/es\/wp-json\/wp\/v2\/types\/page"}],"author":[{"embeddable":true,"href":"https:\/\/justgoagency.au\/es\/wp-json\/wp\/v2\/users\/2"}],"replies":[{"embeddable":true,"href":"https:\/\/justgoagency.au\/es\/wp-json\/wp\/v2\/comments?post=711"}],"version-history":[{"count":76,"href":"https:\/\/justgoagency.au\/es\/wp-json\/wp\/v2\/pages\/711\/revisions"}],"predecessor-version":[{"id":3331,"href":"https:\/\/justgoagency.au\/es\/wp-json\/wp\/v2\/pages\/711\/revisions\/3331"}],"wp:attachment":[{"href":"https:\/\/justgoagency.au\/es\/wp-json\/wp\/v2\/media?parent=711"}],"curies":[{"name":"wp","href":"https:\/\/api.w.org\/{rel}","templated":true}]}}