{"id":2855,"date":"2025-02-05T19:06:07","date_gmt":"2025-02-05T19:06:07","guid":{"rendered":"https:\/\/justgoagency.au\/?page_id=2855"},"modified":"2025-09-29T19:50:36","modified_gmt":"2025-09-29T19:50:36","slug":"quiz-form","status":"publish","type":"page","link":"https:\/\/justgoagency.au\/es\/quiz-form\/","title":{"rendered":"Quiz form"},"content":{"rendered":"\t\t<div data-elementor-type=\"wp-page\" data-elementor-id=\"2855\" class=\"elementor elementor-2855\" data-elementor-post-type=\"page\">\n\t\t\t\t<div class=\"elementor-element elementor-element-0995c99 e-flex e-con-boxed e-con e-parent\" data-id=\"0995c99\" data-element_type=\"container\" data-e-type=\"container\">\n\t\t\t\t\t<div class=\"e-con-inner\">\n\t\t<div class=\"elementor-element elementor-element-e5acd33 e-con-full e-flex e-con e-child\" data-id=\"e5acd33\" data-element_type=\"container\" data-e-type=\"container\">\n\t\t\t\t<div class=\"elementor-element elementor-element-8cfcf2c elementor-view-default elementor-widget elementor-widget-icon\" data-id=\"8cfcf2c\" data-element_type=\"widget\" data-e-type=\"widget\" data-widget_type=\"icon.default\">\n\t\t\t\t\t\t\t<div class=\"elementor-icon-wrapper\">\n\t\t\t<div class=\"elementor-icon\">\n\t\t\t<svg xmlns=\"http:\/\/www.w3.org\/2000\/svg\" width=\"63\" height=\"63\" viewBox=\"0 0 63 63\"><g transform=\"translate(-370 -768.5)\"><circle cx=\"17.5\" cy=\"17.5\" r=\"17.5\" transform=\"translate(384 783)\" fill=\"#fff\"><\/circle><circle cx=\"31.5\" cy=\"31.5\" r=\"31.5\" transform=\"translate(370 768.5)\" fill=\"#ff9a22\"><\/circle><path d=\"M47.109,30.917a12.227,12.227,0,1,1-3.077-4.012l2.663-2.664a.94.94,0,1,1,1.33,1.33L36.749,36.846a.94.94,0,0,1-1.33-1.33l3.256-3.256a4.7,4.7,0,1,0,2.1,3.652.941.941,0,0,1,1.879-.106,6.577,6.577,0,1,1-2.629-4.892L42.7,28.243a10.322,10.322,0,1,0,2.717,3.485.94.94,0,0,1,1.7-.81Z\" transform=\"translate(365.422 763.808)\" fill=\"#fff\"><\/path><\/g><\/svg>\t\t\t<\/div>\n\t\t<\/div>\n\t\t\t\t\t\t<\/div>\n\t\t\t\t<\/div>\n\t\t\t\t\t<\/div>\n\t\t\t\t<\/div>\n\t\t<div class=\"elementor-element elementor-element-997857c e-flex e-con-boxed e-con e-child\" data-id=\"997857c\" data-element_type=\"container\" data-e-type=\"container\">\n\t\t\t\t\t<div class=\"e-con-inner\">\n\t\t<div class=\"elementor-element elementor-element-1e4a3b8 e-con-full e-flex e-con e-child\" data-id=\"1e4a3b8\" data-element_type=\"container\" data-e-type=\"container\" data-settings=\"{&quot;background_background&quot;:&quot;classic&quot;}\">\n\t\t\t\t<div class=\"elementor-element elementor-element-b742686 elementor-button-align-start elementor-widget elementor-widget-form\" data-id=\"b742686\" data-element_type=\"widget\" data-e-type=\"widget\" data-settings=\"{&quot;step_next_label&quot;:&quot;Pr\\u00f3ximo&quot;,&quot;step_previous_label&quot;:&quot;Anterior&quot;,&quot;button_width&quot;:&quot;100&quot;,&quot;step_type&quot;:&quot;number_text&quot;,&quot;step_icon_shape&quot;:&quot;circle&quot;}\" data-widget_type=\"form.default\">\n\t\t\t\t\t\t\t<form class=\"elementor-form\" method=\"post\" name=\"Form Quiz\" aria-label=\"Form Quiz\">\n\t\t\t<input type=\"hidden\" name=\"post_id\" value=\"2855\"\/>\n\t\t\t<input type=\"hidden\" name=\"form_id\" value=\"b742686\"\/>\n\t\t\t<input type=\"hidden\" name=\"referer_title\" value=\"Quiz form\" \/>\n\n\t\t\t\t\t\t\t<input type=\"hidden\" name=\"queried_id\" value=\"2855\"\/>\n\t\t\t\n\t\t\t<div class=\"elementor-form-fields-wrapper elementor-labels-above\">\n\t\t\t\t\t\t\t\t<div class=\"elementor-field-type-text elementor-field-group elementor-column elementor-field-group-nome elementor-col-20 elementor-sm-70 elementor-field-required\">\n\t\t\t\t\t\t\t\t\t\t\t\t<label for=\"form-field-nome\" class=\"elementor-field-label\">\n\t\t\t\t\t\t\t\tNome\t\t\t\t\t\t\t<\/label>\n\t\t\t\t\t\t\t\t\t\t\t\t\t\t<input size=\"1\" type=\"text\" name=\"form_fields[nome]\" id=\"form-field-nome\" class=\"elementor-field elementor-size-sm  elementor-field-textual\" placeholder=\"Qual seu nome?\" required=\"required\">\n\t\t\t\t\t\t\t\t\t\t\t<\/div>\n\t\t\t\t\t\t\t\t<div class=\"elementor-field-type-text elementor-field-group elementor-column elementor-field-group-sobrenome elementor-col-20 elementor-sm-70 elementor-field-required\">\n\t\t\t\t\t\t\t\t\t\t\t\t<label for=\"form-field-sobrenome\" class=\"elementor-field-label\">\n\t\t\t\t\t\t\t\tSobrenome\t\t\t\t\t\t\t<\/label>\n\t\t\t\t\t\t\t\t\t\t\t\t\t\t<input size=\"1\" type=\"text\" name=\"form_fields[sobrenome]\" id=\"form-field-sobrenome\" class=\"elementor-field elementor-size-sm  elementor-field-textual\" placeholder=\"Sobrenome\" required=\"required\">\n\t\t\t\t\t\t\t\t\t\t\t<\/div>\n\t\t\t\t\t\t\t\t<div class=\"elementor-field-type-email elementor-field-group elementor-column elementor-field-group-email elementor-col-20 elementor-sm-70 elementor-field-required\">\n\t\t\t\t\t\t\t\t\t\t\t\t<label for=\"form-field-email\" class=\"elementor-field-label\">\n\t\t\t\t\t\t\t\tE-mail\t\t\t\t\t\t\t<\/label>\n\t\t\t\t\t\t\t\t\t\t\t\t\t\t<input size=\"1\" type=\"email\" name=\"form_fields[email]\" id=\"form-field-email\" class=\"elementor-field elementor-size-sm  elementor-field-textual\" placeholder=\"E-mail\" required=\"required\">\n\t\t\t\t\t\t\t\t\t\t\t<\/div>\n\t\t\t\t\t\t\t\t<div class=\"elementor-field-type-text elementor-field-group elementor-column elementor-field-group-field_b9a0e40 elementor-col-20 elementor-sm-70 elementor-field-required\">\n\t\t\t\t\t\t\t\t\t\t\t\t<label for=\"form-field-field_b9a0e40\" class=\"elementor-field-label\">\n\t\t\t\t\t\t\t\tTelefone\t\t\t\t\t\t\t<\/label>\n\t\t\t\t\t\t\t\t\t\t\t\t\t\t<input size=\"1\" type=\"text\" name=\"form_fields[field_b9a0e40]\" id=\"form-field-field_b9a0e40\" class=\"elementor-field elementor-size-sm  fme-mask-input mask_control_@ev-phone money_mask_format_@ mask_prefix_@ mask_decimal_places_@ mask_time_mask_format_@ fme_phone_format_@phone_ddd9 credit_card_options_@ mask_auto_placeholder_@ fme_brazilian_formats_@ fme-mask-input mask_control_@ev-phone money_mask_format_@ mask_prefix_@ mask_decimal_places_@ mask_time_mask_format_@ fme_phone_format_@phone_ddd9 credit_card_options_@ mask_auto_placeholder_@ fme_brazilian_formats_@ elementor-field-textual\" placeholder=\"(88) 88888-8888\" required=\"required\" data-mask=\"ev-phone\" data-input_mask=\"ev-phone\">\n\t\t\t\t\t\t\t\t\t\t\t<\/div>\n\t\t\t\t\t\t\t\t<div class=\"elementor-field-type-text elementor-field-group elementor-column elementor-field-group-paisorigem elementor-col-20 elementor-sm-70 elementor-field-required\">\n\t\t\t\t\t\t\t\t\t\t\t\t<label for=\"form-field-paisorigem\" class=\"elementor-field-label\">\n\t\t\t\t\t\t\t\tPa\u00eds de Origem\t\t\t\t\t\t\t<\/label>\n\t\t\t\t\t\t\t\t\t\t\t\t\t\t<input size=\"1\" type=\"text\" name=\"form_fields[paisorigem]\" id=\"form-field-paisorigem\" class=\"elementor-field elementor-size-sm  elementor-field-textual\" placeholder=\"Pa\u00eds\" required=\"required\">\n\t\t\t\t\t\t\t\t\t\t\t<\/div>\n\t\t\t\t\t\t\t\t<div class=\"elementor-field-type-radio elementor-field-group elementor-column elementor-field-group-nivel_ingles elementor-col-100 elementor-field-required\">\n\t\t\t\t\t\t\t\t\t\t\t\t<label for=\"form-field-nivel_ingles\" class=\"elementor-field-label\">\n\t\t\t\t\t\t\t\tPergunta 01 (marque apenas uma op\u00e7\u00e3o)<br><b>Qual o seu n\u00edvel de ingl\u00eas?<\/b>\t\t\t\t\t\t\t<\/label>\n\t\t\t\t\t\t<div class=\"elementor-field-subgroup  elementor-subgroup-inline\"><span class=\"elementor-field-option\"><input type=\"radio\" value=\"B\u00e1sico\" id=\"form-field-nivel_ingles-0\" name=\"form_fields[nivel_ingles]\" required=\"required\"> <label for=\"form-field-nivel_ingles-0\">B\u00e1sico<\/label><\/span><span class=\"elementor-field-option\"><input type=\"radio\" value=\"Intermedi\u00e1rio\" id=\"form-field-nivel_ingles-1\" name=\"form_fields[nivel_ingles]\" required=\"required\"> <label for=\"form-field-nivel_ingles-1\">Intermedi\u00e1rio<\/label><\/span><span class=\"elementor-field-option\"><input type=\"radio\" value=\"Avan\u00e7ado\" id=\"form-field-nivel_ingles-2\" name=\"form_fields[nivel_ingles]\" required=\"required\"> <label for=\"form-field-nivel_ingles-2\">Avan\u00e7ado<\/label><\/span><\/div>\t\t\t\t<\/div>\n\t\t\t\t\t\t\t\t<div class=\"elementor-field-type-radio elementor-field-group elementor-column elementor-field-group-objetivo_principal elementor-col-100 elementor-field-required\">\n\t\t\t\t\t\t\t\t\t\t\t\t<label for=\"form-field-objetivo_principal\" class=\"elementor-field-label\">\n\t\t\t\t\t\t\t\tPergunta 02 (marque apenas uma op\u00e7\u00e3o)<br><b>Qual o seu objetivo principal com o interc\u00e2mbio?<\/b>\t\t\t\t\t\t\t<\/label>\n\t\t\t\t\t\t<div class=\"elementor-field-subgroup  elementor-subgroup-inline\"><span class=\"elementor-field-option\"><input type=\"radio\" value=\"Aprender um novo idioma\" id=\"form-field-objetivo_principal-0\" name=\"form_fields[objetivo_principal]\" required=\"required\"> <label for=\"form-field-objetivo_principal-0\">Aprender um novo idioma<\/label><\/span><span class=\"elementor-field-option\"><input type=\"radio\" value=\"Fazer um curso espec\u00edfico\" id=\"form-field-objetivo_principal-1\" name=\"form_fields[objetivo_principal]\" required=\"required\"> <label for=\"form-field-objetivo_principal-1\">Fazer um curso espec\u00edfico<\/label><\/span><span class=\"elementor-field-option\"><input type=\"radio\" value=\"Trabalhar\" id=\"form-field-objetivo_principal-2\" name=\"form_fields[objetivo_principal]\" required=\"required\"> <label for=\"form-field-objetivo_principal-2\">Trabalhar<\/label><\/span><span class=\"elementor-field-option\"><input type=\"radio\" value=\"Viajar\" id=\"form-field-objetivo_principal-3\" name=\"form_fields[objetivo_principal]\" required=\"required\"> <label for=\"form-field-objetivo_principal-3\">Viajar<\/label><\/span><\/div>\t\t\t\t<\/div>\n\t\t\t\t\t\t\t\t<div class=\"elementor-field-type-radio elementor-field-group elementor-column elementor-field-group-nivel_formacao elementor-col-100 elementor-field-required\">\n\t\t\t\t\t\t\t\t\t\t\t\t<label for=\"form-field-nivel_formacao\" class=\"elementor-field-label\">\n\t\t\t\t\t\t\t\tPergunta 03 (marque apenas uma op\u00e7\u00e3o)<br><b>Qual o seu n\u00edvel de forma\u00e7\u00e3o acad\u00eamica?<\/b>\t\t\t\t\t\t\t<\/label>\n\t\t\t\t\t\t<div class=\"elementor-field-subgroup  elementor-subgroup-inline\"><span class=\"elementor-field-option\"><input type=\"radio\" value=\"Ensino m\u00e9dio\" id=\"form-field-nivel_formacao-0\" name=\"form_fields[nivel_formacao]\" required=\"required\"> <label for=\"form-field-nivel_formacao-0\">Ensino m\u00e9dio<\/label><\/span><span class=\"elementor-field-option\"><input type=\"radio\" value=\"Gradua\u00e7\u00e3o\" id=\"form-field-nivel_formacao-1\" name=\"form_fields[nivel_formacao]\" required=\"required\"> <label for=\"form-field-nivel_formacao-1\">Gradua\u00e7\u00e3o<\/label><\/span><span class=\"elementor-field-option\"><input type=\"radio\" value=\"P\u00f3s-gradua\u00e7\u00e3o\" id=\"form-field-nivel_formacao-2\" name=\"form_fields[nivel_formacao]\" required=\"required\"> <label for=\"form-field-nivel_formacao-2\">P\u00f3s-gradua\u00e7\u00e3o<\/label><\/span><\/div>\t\t\t\t<\/div>\n\t\t\t\t\t\t\t\t<div class=\"elementor-field-type-radio elementor-field-group elementor-column elementor-field-group-orcamento_estimado elementor-col-100 elementor-field-required\">\n\t\t\t\t\t\t\t\t\t\t\t\t<label for=\"form-field-orcamento_estimado\" class=\"elementor-field-label\">\n\t\t\t\t\t\t\t\tPergunta 04 (marque apenas uma op\u00e7\u00e3o)<br><b>Qual o seu or\u00e7amento estimado para o interc\u00e2mbio?<\/b>\t\t\t\t\t\t\t<\/label>\n\t\t\t\t\t\t<div class=\"elementor-field-subgroup  elementor-subgroup-inline\"><span class=\"elementor-field-option\"><input type=\"radio\" value=\"15 mil \u2013 20 mil\" id=\"form-field-orcamento_estimado-0\" name=\"form_fields[orcamento_estimado]\" required=\"required\"> <label for=\"form-field-orcamento_estimado-0\">15 mil \u2013 20 mil<\/label><\/span><span class=\"elementor-field-option\"><input type=\"radio\" value=\"21 \u2013 25 mil \" id=\"form-field-orcamento_estimado-1\" name=\"form_fields[orcamento_estimado]\" required=\"required\"> <label for=\"form-field-orcamento_estimado-1\">21 \u2013 25 mil <\/label><\/span><span class=\"elementor-field-option\"><input type=\"radio\" value=\"26 \u2013 29 mil \" id=\"form-field-orcamento_estimado-2\" name=\"form_fields[orcamento_estimado]\" required=\"required\"> <label for=\"form-field-orcamento_estimado-2\">26 \u2013 29 mil <\/label><\/span><span class=\"elementor-field-option\"><input type=\"radio\" value=\"30+\" id=\"form-field-orcamento_estimado-3\" name=\"form_fields[orcamento_estimado]\" required=\"required\"> <label for=\"form-field-orcamento_estimado-3\">30+<\/label><\/span><\/div>\t\t\t\t<\/div>\n\t\t\t\t\t\t\t\t<div class=\"elementor-field-type-radio elementor-field-group elementor-column elementor-field-group-duracao elementor-col-100 elementor-field-required\">\n\t\t\t\t\t\t\t\t\t\t\t\t<label for=\"form-field-duracao\" class=\"elementor-field-label\">\n\t\t\t\t\t\t\t\tPergunta 05 (marque apenas uma op\u00e7\u00e3o)<br><b>Qual seria a dura\u00e7\u00e3o ideal do seu interc\u00e2mbio?<\/b>\t\t\t\t\t\t\t<\/label>\n\t\t\t\t\t\t<div class=\"elementor-field-subgroup  elementor-subgroup-inline\"><span class=\"elementor-field-option\"><input type=\"radio\" value=\"Curta dura\u00e7\u00e3o\" id=\"form-field-duracao-0\" name=\"form_fields[duracao]\" required=\"required\"> <label for=\"form-field-duracao-0\">Curta dura\u00e7\u00e3o<\/label><\/span><span class=\"elementor-field-option\"><input type=\"radio\" value=\"M\u00e9dia dura\u00e7\u00e3o\" id=\"form-field-duracao-1\" name=\"form_fields[duracao]\" required=\"required\"> <label for=\"form-field-duracao-1\">M\u00e9dia dura\u00e7\u00e3o<\/label><\/span><span class=\"elementor-field-option\"><input type=\"radio\" value=\"Longa dura\u00e7\u00e3o\" id=\"form-field-duracao-2\" name=\"form_fields[duracao]\" required=\"required\"> <label for=\"form-field-duracao-2\">Longa dura\u00e7\u00e3o<\/label><\/span><\/div>\t\t\t\t<\/div>\n\t\t\t\t\t\t\t\t<div class=\"elementor-field-type-radio elementor-field-group elementor-column elementor-field-group-area_interesse elementor-col-100 elementor-field-required\">\n\t\t\t\t\t\t\t\t\t\t\t\t<label for=\"form-field-area_interesse\" class=\"elementor-field-label\">\n\t\t\t\t\t\t\t\tPergunta 06 (marque apenas uma op\u00e7\u00e3o)<br><b>Voc\u00ea tem alguma \u00e1rea de interesse espec\u00edfica para estudar ou trabalhar durante o interc\u00e2mbio?<\/b>\t\t\t\t\t\t\t<\/label>\n\t\t\t\t\t\t<div class=\"elementor-field-subgroup  elementor-subgroup-inline\"><span class=\"elementor-field-option\"><input type=\"radio\" value=\"Tecnologia\" id=\"form-field-area_interesse-0\" name=\"form_fields[area_interesse]\" required=\"required\"> <label for=\"form-field-area_interesse-0\">Tecnologia<\/label><\/span><span class=\"elementor-field-option\"><input type=\"radio\" value=\"Artes\" id=\"form-field-area_interesse-1\" name=\"form_fields[area_interesse]\" required=\"required\"> <label for=\"form-field-area_interesse-1\">Artes<\/label><\/span><span class=\"elementor-field-option\"><input type=\"radio\" value=\"Neg\u00f3cios\" id=\"form-field-area_interesse-2\" name=\"form_fields[area_interesse]\" required=\"required\"> <label for=\"form-field-area_interesse-2\">Neg\u00f3cios<\/label><\/span><span class=\"elementor-field-option\"><input type=\"radio\" value=\"Administra\u00e7\u00e3o\" id=\"form-field-area_interesse-3\" name=\"form_fields[area_interesse]\" required=\"required\"> <label for=\"form-field-area_interesse-3\">Administra\u00e7\u00e3o<\/label><\/span><span class=\"elementor-field-option\"><input type=\"radio\" value=\"Engenharia\" id=\"form-field-area_interesse-4\" name=\"form_fields[area_interesse]\" required=\"required\"> <label for=\"form-field-area_interesse-4\">Engenharia<\/label><\/span><\/div>\t\t\t\t<\/div>\n\t\t\t\t\t\t\t\t<div class=\"elementor-field-type-radio elementor-field-group elementor-column elementor-field-group-clima elementor-col-100 elementor-field-required\">\n\t\t\t\t\t\t\t\t\t\t\t\t<label for=\"form-field-clima\" class=\"elementor-field-label\">\n\t\t\t\t\t\t\t\tPergunta 07 (marque apenas uma op\u00e7\u00e3o)<br><b>Qual o tipo de clima voc\u00ea prefere?<\/b>\t\t\t\t\t\t\t<\/label>\n\t\t\t\t\t\t<div class=\"elementor-field-subgroup  elementor-subgroup-inline\"><span class=\"elementor-field-option\"><input type=\"radio\" value=\"Quente\" id=\"form-field-clima-0\" name=\"form_fields[clima]\" required=\"required\"> <label for=\"form-field-clima-0\">Quente<\/label><\/span><span class=\"elementor-field-option\"><input type=\"radio\" value=\"Frio\" id=\"form-field-clima-1\" name=\"form_fields[clima]\" required=\"required\"> <label for=\"form-field-clima-1\">Frio<\/label><\/span><span class=\"elementor-field-option\"><input type=\"radio\" value=\"Temperado\" id=\"form-field-clima-2\" name=\"form_fields[clima]\" required=\"required\"> <label for=\"form-field-clima-2\">Temperado<\/label><\/span><\/div>\t\t\t\t<\/div>\n\t\t\t\t\t\t\t\t<div class=\"elementor-field-type-radio elementor-field-group elementor-column elementor-field-group-preferencia_cidade elementor-col-100 elementor-field-required\">\n\t\t\t\t\t\t\t\t\t\t\t\t<label for=\"form-field-preferencia_cidade\" class=\"elementor-field-label\">\n\t\t\t\t\t\t\t\tPergunta 08 (marque apenas uma op\u00e7\u00e3o)<br><b>Voc\u00ea prefere uma cidade grande ou uma cidade pequena?<\/b>\t\t\t\t\t\t\t<\/label>\n\t\t\t\t\t\t<div class=\"elementor-field-subgroup  elementor-subgroup-inline\"><span class=\"elementor-field-option\"><input type=\"radio\" value=\"Grande\" id=\"form-field-preferencia_cidade-0\" name=\"form_fields[preferencia_cidade]\" required=\"required\"> <label for=\"form-field-preferencia_cidade-0\">Grande<\/label><\/span><span class=\"elementor-field-option\"><input type=\"radio\" value=\"Pequena\" id=\"form-field-preferencia_cidade-1\" name=\"form_fields[preferencia_cidade]\" required=\"required\"> <label for=\"form-field-preferencia_cidade-1\">Pequena<\/label><\/span><span class=\"elementor-field-option\"><input type=\"radio\" value=\"N\u00e3o me importo com isso\" id=\"form-field-preferencia_cidade-2\" name=\"form_fields[preferencia_cidade]\" required=\"required\"> <label for=\"form-field-preferencia_cidade-2\">N\u00e3o me importo com isso<\/label><\/span><\/div>\t\t\t\t<\/div>\n\t\t\t\t\t\t\t\t<div class=\"elementor-field-type-radio elementor-field-group elementor-column elementor-field-group-acomodacao elementor-col-100 elementor-field-required\">\n\t\t\t\t\t\t\t\t\t\t\t\t<label for=\"form-field-acomodacao\" class=\"elementor-field-label\">\n\t\t\t\t\t\t\t\tPergunta 09 (marque apenas uma op\u00e7\u00e3o)<br><b>Qual o tipo de acomoda\u00e7\u00e3o voc\u00ea prefere?<\/b>\t\t\t\t\t\t\t<\/label>\n\t\t\t\t\t\t<div class=\"elementor-field-subgroup  elementor-subgroup-inline\"><span class=\"elementor-field-option\"><input type=\"radio\" value=\"Casa de fam\u00edlia\" id=\"form-field-acomodacao-0\" name=\"form_fields[acomodacao]\" required=\"required\"> <label for=\"form-field-acomodacao-0\">Casa de fam\u00edlia<\/label><\/span><span class=\"elementor-field-option\"><input type=\"radio\" value=\"Resid\u00eancia estudantil\" id=\"form-field-acomodacao-1\" name=\"form_fields[acomodacao]\" required=\"required\"> <label for=\"form-field-acomodacao-1\">Resid\u00eancia estudantil<\/label><\/span><span class=\"elementor-field-option\"><input type=\"radio\" value=\"Apartamento compartilhado\" id=\"form-field-acomodacao-2\" name=\"form_fields[acomodacao]\" required=\"required\"> <label for=\"form-field-acomodacao-2\">Apartamento compartilhado<\/label><\/span><\/div>\t\t\t\t<\/div>\n\t\t\t\t\t\t\t\t<div class=\"elementor-field-type-radio elementor-field-group elementor-column elementor-field-group-gostaria_de_trabalhar elementor-col-100 elementor-field-required\">\n\t\t\t\t\t\t\t\t\t\t\t\t<label for=\"form-field-gostaria_de_trabalhar\" class=\"elementor-field-label\">\n\t\t\t\t\t\t\t\tPergunta 10 (marque apenas uma op\u00e7\u00e3o)<br><b>Voc\u00ea gostaria de trabalhar durante o interc\u00e2mbio?<\/b>\t\t\t\t\t\t\t<\/label>\n\t\t\t\t\t\t<div class=\"elementor-field-subgroup  elementor-subgroup-inline\"><span class=\"elementor-field-option\"><input type=\"radio\" value=\"Sim\" id=\"form-field-gostaria_de_trabalhar-0\" name=\"form_fields[gostaria_de_trabalhar]\" required=\"required\"> <label for=\"form-field-gostaria_de_trabalhar-0\">Sim<\/label><\/span><span class=\"elementor-field-option\"><input type=\"radio\" value=\"N\u00e3o\" id=\"form-field-gostaria_de_trabalhar-1\" name=\"form_fields[gostaria_de_trabalhar]\" required=\"required\"> <label for=\"form-field-gostaria_de_trabalhar-1\">N\u00e3o<\/label><\/span><span class=\"elementor-field-option\"><input type=\"radio\" value=\"Talvez\" id=\"form-field-gostaria_de_trabalhar-2\" name=\"form_fields[gostaria_de_trabalhar]\" required=\"required\"> <label for=\"form-field-gostaria_de_trabalhar-2\">Talvez<\/label><\/span><\/div>\t\t\t\t<\/div>\n\t\t\t\t\t\t\t\t<div class=\"elementor-field-type-radio elementor-field-group elementor-column elementor-field-group-paises_de_interesse elementor-col-100 elementor-field-required\">\n\t\t\t\t\t\t\t\t\t\t\t\t<label for=\"form-field-paises_de_interesse\" class=\"elementor-field-label\">\n\t\t\t\t\t\t\t\tPergunta 11 (marque at\u00e9 3 op\u00e7\u00f5es)<br><b>Marque os pa\u00edses que te interessam:<\/b>\t\t\t\t\t\t\t<\/label>\n\t\t\t\t\t\t<div class=\"elementor-field-subgroup  elementor-subgroup-inline\"><span class=\"elementor-field-option\"><input type=\"radio\" value=\"Austr\u00e1lia\" id=\"form-field-paises_de_interesse-0\" name=\"form_fields[paises_de_interesse]\" required=\"required\"> <label for=\"form-field-paises_de_interesse-0\">Austr\u00e1lia<\/label><\/span><span class=\"elementor-field-option\"><input type=\"radio\" value=\"Canad\u00e1\" id=\"form-field-paises_de_interesse-1\" name=\"form_fields[paises_de_interesse]\" required=\"required\"> <label for=\"form-field-paises_de_interesse-1\">Canad\u00e1<\/label><\/span><span class=\"elementor-field-option\"><input type=\"radio\" value=\"\u00c1frica do Sul\" id=\"form-field-paises_de_interesse-2\" name=\"form_fields[paises_de_interesse]\" required=\"required\"> <label for=\"form-field-paises_de_interesse-2\">\u00c1frica do Sul<\/label><\/span><span class=\"elementor-field-option\"><input type=\"radio\" value=\"Inglaterra\" id=\"form-field-paises_de_interesse-3\" name=\"form_fields[paises_de_interesse]\" required=\"required\"> <label for=\"form-field-paises_de_interesse-3\">Inglaterra<\/label><\/span><span class=\"elementor-field-option\"><input type=\"radio\" value=\"Irlanda\" id=\"form-field-paises_de_interesse-4\" name=\"form_fields[paises_de_interesse]\" required=\"required\"> <label for=\"form-field-paises_de_interesse-4\">Irlanda<\/label><\/span><span class=\"elementor-field-option\"><input type=\"radio\" value=\"Malta\" id=\"form-field-paises_de_interesse-5\" name=\"form_fields[paises_de_interesse]\" required=\"required\"> <label for=\"form-field-paises_de_interesse-5\">Malta<\/label><\/span><span class=\"elementor-field-option\"><input type=\"radio\" value=\"Emirados \u00c1rabes\" id=\"form-field-paises_de_interesse-6\" name=\"form_fields[paises_de_interesse]\" required=\"required\"> <label for=\"form-field-paises_de_interesse-6\">Emirados \u00c1rabes<\/label><\/span><span class=\"elementor-field-option\"><input type=\"radio\" value=\"Rep\u00fablica Tcheca\" id=\"form-field-paises_de_interesse-7\" name=\"form_fields[paises_de_interesse]\" required=\"required\"> <label for=\"form-field-paises_de_interesse-7\">Rep\u00fablica Tcheca<\/label><\/span><\/div>\t\t\t\t<\/div>\n\t\t\t\t\t\t\t\t<div class=\"elementor-field-group elementor-column elementor-field-type-submit elementor-col-100 e-form__buttons\">\n\t\t\t\t\t<button class=\"elementor-button elementor-size-sm\" type=\"submit\">\n\t\t\t\t\t\t<span class=\"elementor-button-content-wrapper\">\n\t\t\t\t\t\t\t\t\t\t\t\t\t\t\t\t\t\t\t\t\t\t<span class=\"elementor-button-text\">Receber resultado<\/span>\n\t\t\t\t\t\t\t\t\t\t\t\t\t<\/span>\n\t\t\t\t\t<\/button>\n\t\t\t\t<\/div>\n\t\t\t<\/div>\n\t\t<\/form>\n\t\t\t\t\t\t<\/div>\n\t\t\t\t<\/div>\n\t\t\t\t\t<\/div>\n\t\t\t\t<\/div>\n\t\t\t\t<\/div>\n\t\t","protected":false},"excerpt":{"rendered":"","protected":false},"author":1,"featured_media":0,"parent":0,"menu_order":0,"comment_status":"closed","ping_status":"closed","template":"","meta":{"footnotes":""},"class_list":["post-2855","page","type-page","status-publish","hentry"],"_links":{"self":[{"href":"https:\/\/justgoagency.au\/es\/wp-json\/wp\/v2\/pages\/2855","targetHints":{"allow":["GET"]}}],"collection":[{"href":"https:\/\/justgoagency.au\/es\/wp-json\/wp\/v2\/pages"}],"about":[{"href":"https:\/\/justgoagency.au\/es\/wp-json\/wp\/v2\/types\/page"}],"author":[{"embeddable":true,"href":"https:\/\/justgoagency.au\/es\/wp-json\/wp\/v2\/users\/1"}],"replies":[{"embeddable":true,"href":"https:\/\/justgoagency.au\/es\/wp-json\/wp\/v2\/comments?post=2855"}],"version-history":[{"count":133,"href":"https:\/\/justgoagency.au\/es\/wp-json\/wp\/v2\/pages\/2855\/revisions"}],"predecessor-version":[{"id":3478,"href":"https:\/\/justgoagency.au\/es\/wp-json\/wp\/v2\/pages\/2855\/revisions\/3478"}],"wp:attachment":[{"href":"https:\/\/justgoagency.au\/es\/wp-json\/wp\/v2\/media?parent=2855"}],"curies":[{"name":"wp","href":"https:\/\/api.w.org\/{rel}","templated":true}]}}