{"id":3636,"date":"2025-10-30T18:31:25","date_gmt":"2025-10-30T18:31:25","guid":{"rendered":"https:\/\/justgoagency.au\/?page_id=3636"},"modified":"2025-11-14T17:36:45","modified_gmt":"2025-11-14T17:36:45","slug":"simulacao","status":"publish","type":"page","link":"https:\/\/justgoagency.au\/en\/simulacao\/","title":{"rendered":"Simula\u00e7\u00e3o"},"content":{"rendered":"\t\t<div data-elementor-type=\"wp-page\" data-elementor-id=\"3636\" class=\"elementor elementor-3636\" data-elementor-post-type=\"page\">\n\t\t\t\t<div class=\"elementor-element elementor-element-c1a77fc e-flex e-con-boxed e-con e-parent\" data-id=\"c1a77fc\" data-element_type=\"container\" data-e-type=\"container\" data-settings=\"{&quot;background_background&quot;:&quot;classic&quot;}\">\n\t\t\t\t\t<div class=\"e-con-inner\">\n\t\t\t\t<div class=\"elementor-element elementor-element-82dd43a elementor-widget elementor-widget-heading\" data-id=\"82dd43a\" data-element_type=\"widget\" data-e-type=\"widget\" data-widget_type=\"heading.default\">\n\t\t\t\t\t<h1 class=\"elementor-heading-title elementor-size-default\">Estude no exterior com mais facilidade!<\/h1>\t\t\t\t<\/div>\n\t\t\t\t<div class=\"elementor-element elementor-element-bd7e51a elementor-widget elementor-widget-heading\" data-id=\"bd7e51a\" data-element_type=\"widget\" data-e-type=\"widget\" data-widget_type=\"heading.default\">\n\t\t\t\t\t<h2 class=\"elementor-heading-title elementor-size-default\">Parcele o seu interc\u00e2mbio em at\u00e9 <b>12x sem juros<\/b>. <\/h2>\t\t\t\t<\/div>\n\t\t\t\t\t<\/div>\n\t\t\t\t<\/div>\n\t\t<div class=\"elementor-element elementor-element-edcc9c9 e-flex e-con-boxed e-con e-parent\" data-id=\"edcc9c9\" data-element_type=\"container\" data-e-type=\"container\" data-settings=\"{&quot;background_background&quot;:&quot;classic&quot;}\">\n\t\t\t\t\t<div class=\"e-con-inner\">\n\t\t<div class=\"elementor-element elementor-element-a4596be e-con-full e-flex e-con e-child\" data-id=\"a4596be\" data-element_type=\"container\" data-e-type=\"container\">\n\t\t\t\t<div class=\"elementor-element elementor-element-8f6ceac elementor-widget__width-initial elementor-widget elementor-widget-heading\" data-id=\"8f6ceac\" data-element_type=\"widget\" data-e-type=\"widget\" data-widget_type=\"heading.default\">\n\t\t\t\t\t<h2 class=\"elementor-heading-title elementor-size-default\">O interc\u00e2mbio dos seus sonhos com condi\u00e7\u00f5es que cabem no seu bolso!\n<\/h2>\t\t\t\t<\/div>\n\t\t\t\t<div class=\"elementor-element elementor-element-dba1efe elementor-widget elementor-widget-text-editor\" data-id=\"dba1efe\" data-element_type=\"widget\" data-e-type=\"widget\" data-widget_type=\"text-editor.default\">\n\t\t\t\t\t\t\t\t\t<p>Viajar para estudar \u00e9 um investimento no seu futuro. E para que voc\u00ea viva essa experi\u00eancia com tranquilidade, oferecemos parcelamento facilitado, <b>em at\u00e9 12x no cart\u00e3o de cr\u00e9dito*<\/b>.<br \/>Assim, voc\u00ea realiza seu interc\u00e2mbio sem pesar no or\u00e7amento e pode focar em aproveitar cada momento da sua jornada.<\/p>\t\t\t\t\t\t\t\t<\/div>\n\t\t\t\t<div class=\"elementor-element elementor-element-37d1f91 elementor-widget elementor-widget-button\" data-id=\"37d1f91\" data-element_type=\"widget\" data-e-type=\"widget\" data-widget_type=\"button.default\">\n\t\t\t\t\t\t\t\t\t\t<a class=\"elementor-button elementor-button-link elementor-size-sm\" href=\"#simular\">\n\t\t\t\t\t\t<span class=\"elementor-button-content-wrapper\">\n\t\t\t\t\t\t\t\t\t<span class=\"elementor-button-text\"> Simule o parcelamento agora! <\/span>\n\t\t\t\t\t<\/span>\n\t\t\t\t\t<\/a>\n\t\t\t\t\t\t\t\t<\/div>\n\t\t\t\t<\/div>\n\t\t<div class=\"elementor-element elementor-element-42604a6 e-con-full e-flex e-con e-child\" data-id=\"42604a6\" data-element_type=\"container\" data-e-type=\"container\" data-settings=\"{&quot;background_background&quot;:&quot;classic&quot;}\">\n\t\t\t\t<\/div>\n\t\t\t\t\t<\/div>\n\t\t\t\t<\/div>\n\t\t<div class=\"elementor-element elementor-element-6d97226 e-flex e-con-boxed e-con e-parent\" data-id=\"6d97226\" data-element_type=\"container\" data-e-type=\"container\">\n\t\t\t\t\t<div class=\"e-con-inner\">\n\t\t\t\t<div class=\"elementor-element elementor-element-507ebb0 elementor-widget elementor-widget-heading\" data-id=\"507ebb0\" data-element_type=\"widget\" data-e-type=\"widget\" data-widget_type=\"heading.default\">\n\t\t\t\t\t<p class=\"elementor-heading-title elementor-size-default\"><i>*<\/i>Parcelamos o valor em 12x iguais e o visto ser\u00e1 aplicado somente ao final do pagamento. Para parcelamento no cart\u00e3o ou financiamento, ser\u00e1 aplicado os juros do cart\u00e3o.<\/p>\t\t\t\t<\/div>\n\t\t\t\t\t<\/div>\n\t\t\t\t<\/div>\n\t\t<div class=\"elementor-element elementor-element-882081f e-flex e-con-boxed e-con e-parent\" data-id=\"882081f\" data-element_type=\"container\" data-e-type=\"container\" id=\"simulador\">\n\t\t\t\t\t<div class=\"e-con-inner\">\n\t\t<div class=\"elementor-element elementor-element-9c35f7d e-con-full e-flex e-con e-child\" data-id=\"9c35f7d\" data-element_type=\"container\" data-e-type=\"container\" data-settings=\"{&quot;background_background&quot;:&quot;classic&quot;}\">\n\t\t<div class=\"elementor-element elementor-element-ed6fecc e-flex e-con-boxed e-con e-child\" data-id=\"ed6fecc\" data-element_type=\"container\" data-e-type=\"container\">\n\t\t\t\t\t<div class=\"e-con-inner\">\n\t\t\t\t<div class=\"elementor-element elementor-element-10dd04e elementor-widget elementor-widget-heading\" data-id=\"10dd04e\" data-element_type=\"widget\" data-e-type=\"widget\" data-widget_type=\"heading.default\">\n\t\t\t\t\t<h2 class=\"elementor-heading-title elementor-size-default\">Descubra em poucos segundos <b>quanto ficar\u00e1 sua parcela<\/b>!<\/h2>\t\t\t\t<\/div>\n\t\t\t\t<div class=\"elementor-element elementor-element-23df9f0 elementor-widget elementor-widget-heading\" data-id=\"23df9f0\" data-element_type=\"widget\" data-e-type=\"widget\" data-widget_type=\"heading.default\">\n\t\t\t\t\t<p class=\"elementor-heading-title elementor-size-default\">Use nosso simulador de parcelamento para visualizar como ficam os valores m\u00eas a m\u00eas. \u00c9 r\u00e1pido, simples e sem compromisso!<\/p>\t\t\t\t<\/div>\n\t\t<div class=\"elementor-element elementor-element-2ceb3be e-con-full e-flex e-con e-child\" data-id=\"2ceb3be\" data-element_type=\"container\" data-e-type=\"container\" data-settings=\"{&quot;background_background&quot;:&quot;classic&quot;}\">\n\t\t\t\t<div class=\"elementor-element elementor-element-63165ef elementor-button-align-center elementor-widget elementor-widget-form\" data-id=\"63165ef\" data-element_type=\"widget\" data-e-type=\"widget\" data-settings=\"{&quot;step_next_label&quot;:&quot;Pr\\u00f3ximo&quot;,&quot;step_previous_label&quot;:&quot;Anterior&quot;,&quot;button_width&quot;:&quot;100&quot;,&quot;step_type&quot;:&quot;number_text&quot;,&quot;step_icon_shape&quot;:&quot;circle&quot;}\" data-widget_type=\"form.default\">\n\t\t\t\t\t\t\t<form class=\"elementor-form\" method=\"post\" id=\"simulacao\" name=\"simulacao\" aria-label=\"simulacao\">\n\t\t\t<input type=\"hidden\" name=\"post_id\" value=\"3636\"\/>\n\t\t\t<input type=\"hidden\" name=\"form_id\" value=\"63165ef\"\/>\n\t\t\t<input type=\"hidden\" name=\"referer_title\" value=\"\" \/>\n\n\t\t\t\n\t\t\t<div class=\"elementor-form-fields-wrapper elementor-labels-above\">\n\t\t\t\t\t\t\t\t<div class=\"elementor-field-type-number elementor-field-group elementor-column elementor-field-group-valor elementor-col-100 elementor-field-required elementor-mark-required\">\n\t\t\t\t\t\t\t\t\t\t\t\t<label for=\"form-field-valor\" class=\"elementor-field-label\">\n\t\t\t\t\t\t\t\tValor a Financiar (R$)\t\t\t\t\t\t\t<\/label>\n\t\t\t\t\t\t\t\t\t<input type=\"number\" name=\"form_fields[valor]\" id=\"form-field-valor\" class=\"elementor-field elementor-size-sm  elementor-field-textual\" placeholder=\"R$0.000,00\" required=\"required\" min=\"\" max=\"\" >\n\t\t\t\t\t\t<\/div>\n\t\t\t\t\t\t\t\t<div class=\"elementor-field-type-number elementor-field-group elementor-column elementor-field-group-entrada elementor-col-100 elementor-field-required elementor-mark-required\">\n\t\t\t\t\t\t\t\t\t\t\t\t<label for=\"form-field-entrada\" class=\"elementor-field-label\">\n\t\t\t\t\t\t\t\tQuanto quer dar de entrada (R$)\t\t\t\t\t\t\t<\/label>\n\t\t\t\t\t\t\t\t\t<input type=\"number\" name=\"form_fields[entrada]\" id=\"form-field-entrada\" class=\"elementor-field elementor-size-sm  elementor-field-textual\" placeholder=\"R$0.000,00\" required=\"required\" min=\"\" max=\"\" >\n\t\t\t\t\t\t<\/div>\n\t\t\t\t\t\t\t\t<div class=\"elementor-field-group elementor-column elementor-field-type-submit elementor-col-100 e-form__buttons\">\n\t\t\t\t\t<button class=\"elementor-button elementor-size-md\" type=\"submit\">\n\t\t\t\t\t\t<span class=\"elementor-button-content-wrapper\">\n\t\t\t\t\t\t\t\t\t\t\t\t\t\t\t\t\t\t\t\t\t\t<span class=\"elementor-button-text\">Consultar<\/span>\n\t\t\t\t\t\t\t\t\t\t\t\t\t<\/span>\n\t\t\t\t\t<\/button>\n\t\t\t\t<\/div>\n\t\t\t<\/div>\n\t\t<\/form>\n\t\t\t\t\t\t<\/div>\n\t\t\t\t<\/div>\n\t\t\t\t<div class=\"elementor-element elementor-element-e16b610 elementor-widget elementor-widget-heading\" data-id=\"e16b610\" data-element_type=\"widget\" data-e-type=\"widget\" id=\"resultado\" data-widget_type=\"heading.default\">\n\t\t\t\t\t<p class=\"elementor-heading-title elementor-size-default\"><i>*<\/i> Resposta obrigat\u00f3ria<\/p>\t\t\t\t<\/div>\n\t\t\t\t\t<\/div>\n\t\t\t\t<\/div>\n\t\t\t\t<\/div>\n\t\t\t\t\t<\/div>\n\t\t\t\t<\/div>\n\t\t<div class=\"elementor-element elementor-element-fe13b63 e-flex e-con-boxed e-con e-parent\" data-id=\"fe13b63\" data-element_type=\"container\" data-e-type=\"container\" data-settings=\"{&quot;background_background&quot;:&quot;classic&quot;}\">\n\t\t\t\t\t<div class=\"e-con-inner\">\n\t\t\t\t<div class=\"elementor-element elementor-element-fc93c85 elementor-widget__width-initial elementor-widget elementor-widget-heading\" data-id=\"fc93c85\" data-element_type=\"widget\" data-e-type=\"widget\" data-widget_type=\"heading.default\">\n\t\t\t\t\t<p class=\"elementor-heading-title elementor-size-default\">Nossa equipe \u00e9 formada por especialistas em interc\u00e2mbio e apaixonados por novas aventuras. <b>Estamos prontos para te ajudar em cada etapa<\/b>, com atendimento pr\u00f3ximo, transparente e solu\u00e7\u00f5es personalizadas para o seu sonho!<\/p>\t\t\t\t<\/div>\n\t\t\t\t\t<\/div>\n\t\t\t\t<\/div>\n\t\t<div class=\"elementor-element elementor-element-b29950c e-flex e-con-boxed e-con e-parent\" data-id=\"b29950c\" data-element_type=\"container\" data-e-type=\"container\" data-settings=\"{&quot;background_background&quot;:&quot;classic&quot;}\">\n\t\t\t\t\t<div class=\"e-con-inner\">\n\t\t<div class=\"elementor-element elementor-element-fad3867 e-con-full e-flex e-con e-child\" data-id=\"fad3867\" data-element_type=\"container\" data-e-type=\"container\">\n\t\t\t\t<div class=\"elementor-element elementor-element-3545504 elementor-widget elementor-widget-heading\" data-id=\"3545504\" data-element_type=\"widget\" data-e-type=\"widget\" data-widget_type=\"heading.default\">\n\t\t\t\t\t<h2 class=\"elementor-heading-title elementor-size-default\">Ficou com d\u00favidas? \n<b>Vamos conversar!<\/b><\/h2>\t\t\t\t<\/div>\n\t\t\t\t<div class=\"elementor-element elementor-element-1577bfb elementor-widget__width-initial elementor-widget elementor-widget-heading\" data-id=\"1577bfb\" data-element_type=\"widget\" data-e-type=\"widget\" data-widget_type=\"heading.default\">\n\t\t\t\t\t<h3 class=\"elementor-heading-title elementor-size-default\">Se ainda tem alguma pergunta sobre parcelamento ou sobre os programas de interc\u00e2mbio, nossa equipe est\u00e1 \u00e0 disposi\u00e7\u00e3o para te ajudar.\n<\/h3>\t\t\t\t<\/div>\n\t\t\t\t<div class=\"elementor-element elementor-element-4dbb0ea elementor-widget elementor-widget-button\" data-id=\"4dbb0ea\" data-element_type=\"widget\" data-e-type=\"widget\" data-widget_type=\"button.default\">\n\t\t\t\t\t\t\t\t\t\t<a class=\"elementor-button elementor-button-link elementor-size-sm\" href=\"https:\/\/api.whatsapp.com\/send?phone=61406556958\" target=\"_blank\">\n\t\t\t\t\t\t<span class=\"elementor-button-content-wrapper\">\n\t\t\t\t\t\t\t\t\t<span class=\"elementor-button-text\">Clique aqui e fale conosco agora mesmo!<\/span>\n\t\t\t\t\t<\/span>\n\t\t\t\t\t<\/a>\n\t\t\t\t\t\t\t\t<\/div>\n\t\t\t\t<\/div>\n\t\t<div class=\"elementor-element elementor-element-6e1db51 e-con-full e-flex e-con e-child\" data-id=\"6e1db51\" data-element_type=\"container\" data-e-type=\"container\">\n\t\t<div class=\"elementor-element elementor-element-e36607b e-con-full e-flex e-con e-child\" data-id=\"e36607b\" data-element_type=\"container\" data-e-type=\"container\" data-settings=\"{&quot;background_background&quot;:&quot;gradient&quot;}\">\n\t\t<div class=\"elementor-element elementor-element-7e8513f e-con-full e-flex e-con e-child\" data-id=\"7e8513f\" data-element_type=\"container\" data-e-type=\"container\">\n\t\t<div class=\"elementor-element elementor-element-29253c9 e-con-full e-flex e-con e-child\" data-id=\"29253c9\" data-element_type=\"container\" data-e-type=\"container\">\n\t\t\t\t<div class=\"elementor-element elementor-element-5419486 elementor-widget elementor-widget-heading\" data-id=\"5419486\" data-element_type=\"widget\" data-e-type=\"widget\" data-widget_type=\"heading.default\">\n\t\t\t\t\t<div class=\"elementor-heading-title elementor-size-default\">WhatsApp<\/div>\t\t\t\t<\/div>\n\t\t\t\t<div class=\"elementor-element elementor-element-ec5cef1 elementor-widget elementor-widget-heading\" data-id=\"ec5cef1\" data-element_type=\"widget\" data-e-type=\"widget\" data-widget_type=\"heading.default\">\n\t\t\t\t\t<div class=\"elementor-heading-title elementor-size-default\"><a href=\"https:\/\/api.whatsapp.com\/send?phone=61410003082\" target=\"_blank\"><b>+61 41000-3082<\/b> (Espanhol)<\/a><\/div>\t\t\t\t<\/div>\n\t\t\t\t<div class=\"elementor-element elementor-element-ad63879 elementor-widget elementor-widget-heading\" data-id=\"ad63879\" data-element_type=\"widget\" data-e-type=\"widget\" data-widget_type=\"heading.default\">\n\t\t\t\t\t<div class=\"elementor-heading-title elementor-size-default\"><a href=\"https:\/\/api.whatsapp.com\/send?phone=61406556958\" target=\"_blank\"><b>+61 40655-6958<\/b> (Portugu\u00eas)<\/a><\/div>\t\t\t\t<\/div>\n\t\t\t\t<\/div>\n\t\t<div class=\"elementor-element elementor-element-d272104 e-con-full e-flex e-con e-child\" data-id=\"d272104\" data-element_type=\"container\" data-e-type=\"container\">\n\t\t\t\t<div class=\"elementor-element elementor-element-8509bc4 elementor-widget elementor-widget-heading\" data-id=\"8509bc4\" data-element_type=\"widget\" data-e-type=\"widget\" data-widget_type=\"heading.default\">\n\t\t\t\t\t<div class=\"elementor-heading-title elementor-size-default\">E-Mail<\/div>\t\t\t\t<\/div>\n\t\t\t\t<div class=\"elementor-element elementor-element-0b32206 elementor-widget elementor-widget-heading\" data-id=\"0b32206\" data-element_type=\"widget\" data-e-type=\"widget\" data-widget_type=\"heading.default\">\n\t\t\t\t\t<div class=\"elementor-heading-title elementor-size-default\"><a href=\"mailto:info@justgoagency.au\">info@justgoagency.au<\/a><\/div>\t\t\t\t<\/div>\n\t\t\t\t<\/div>\n\t\t\t\t<\/div>\n\t\t<div class=\"elementor-element elementor-element-c99195b e-con-full e-flex e-con e-child\" data-id=\"c99195b\" data-element_type=\"container\" data-e-type=\"container\">\n\t\t\t\t<div class=\"elementor-element elementor-element-673a099 elementor-widget elementor-widget-heading\" data-id=\"673a099\" data-element_type=\"widget\" data-e-type=\"widget\" data-widget_type=\"heading.default\">\n\t\t\t\t\t<div class=\"elementor-heading-title elementor-size-default\">Endere\u00e7o<\/div>\t\t\t\t<\/div>\n\t\t\t\t<div class=\"elementor-element elementor-element-dfed9bb elementor-widget elementor-widget-heading\" data-id=\"dfed9bb\" data-element_type=\"widget\" data-e-type=\"widget\" data-widget_type=\"heading.default\">\n\t\t\t\t\t<div class=\"elementor-heading-title elementor-size-default\">Level 9, 1 Corporate Court, Bundall, QLD\n4217, Austr\u00e1lia<\/div>\t\t\t\t<\/div>\n\t\t\t\t<\/div>\n\t\t\t\t<\/div>\n\t\t\t\t<\/div>\n\t\t\t\t\t<\/div>\n\t\t\t\t<\/div>\n\t\t\t\t<\/div>\n\t\t","protected":false},"excerpt":{"rendered":"<p>Estude no exterior com mais facilidade! Parcele o seu interc\u00e2mbio em at\u00e9 12x sem juros. O interc\u00e2mbio dos seus sonhos com condi\u00e7\u00f5es que cabem no seu bolso! Viajar para estudar \u00e9 um investimento no seu futuro. E para que voc\u00ea viva essa experi\u00eancia com tranquilidade, oferecemos parcelamento facilitado, em at\u00e9 12x no cart\u00e3o de cr\u00e9dito*.Assim, [&hellip;]<\/p>\n","protected":false},"author":3,"featured_media":0,"parent":0,"menu_order":0,"comment_status":"closed","ping_status":"closed","template":"elementor_header_footer","meta":{"footnotes":""},"class_list":["post-3636","page","type-page","status-publish","hentry"],"_links":{"self":[{"href":"https:\/\/justgoagency.au\/en\/wp-json\/wp\/v2\/pages\/3636","targetHints":{"allow":["GET"]}}],"collection":[{"href":"https:\/\/justgoagency.au\/en\/wp-json\/wp\/v2\/pages"}],"about":[{"href":"https:\/\/justgoagency.au\/en\/wp-json\/wp\/v2\/types\/page"}],"author":[{"embeddable":true,"href":"https:\/\/justgoagency.au\/en\/wp-json\/wp\/v2\/users\/3"}],"replies":[{"embeddable":true,"href":"https:\/\/justgoagency.au\/en\/wp-json\/wp\/v2\/comments?post=3636"}],"version-history":[{"count":106,"href":"https:\/\/justgoagency.au\/en\/wp-json\/wp\/v2\/pages\/3636\/revisions"}],"predecessor-version":[{"id":3759,"href":"https:\/\/justgoagency.au\/en\/wp-json\/wp\/v2\/pages\/3636\/revisions\/3759"}],"wp:attachment":[{"href":"https:\/\/justgoagency.au\/en\/wp-json\/wp\/v2\/media?parent=3636"}],"curies":[{"name":"wp","href":"https:\/\/api.w.org\/{rel}","templated":true}]}}